{"id":93258,"date":"2019-07-11T13:54:02","date_gmt":"2019-07-11T13:54:02","guid":{"rendered":"https:\/\/www.3p-gmbh.de\/produkt\/highwater-torrent-rip-v6-con-interfaz-agfa\/"},"modified":"2019-07-11T13:54:02","modified_gmt":"2019-07-11T13:54:02","slug":"highwater-torrent-rip-v-6-para-agfa","status":"publish","type":"product","link":"https:\/\/www.3p-gmbh.de\/es\/produkt\/highwater-torrent-rip-v-6-para-agfa\/","title":{"rendered":"Highwater Torrent Rip V6 con interfaz Agfa"},"content":{"rendered":"<ul>\n<li>Software versi\u00f3n 6.0 SP 4 d<\/li>\n<li>Postscript Nivel III, PDF<\/li>\n<li>Entrada mediante carpeta activa o impresora Apple Talk<\/li>\n<li>Opci\u00f3n de salida para los modelos Agfa Avantra y Accuset<\/li>\n<li>El paquete incluye el dongle, el CD de instalaci\u00f3n y la tarjeta de interfaz<\/li>\n<\/ul>\n","protected":false},"excerpt":{"rendered":"<p>Software versi\u00f3n 6.0 SP 4 d Postscript Nivel III, PDF Entrada mediante carpeta activa o impresora Apple Talk Opci\u00f3n de salida para los modelos Agfa Avantra y Accuset El paquete incluye el dongle, el CD de instalaci\u00f3n y la tarjeta de interfaz<\/p>\n","protected":false},"featured_media":65059,"template":"","meta":[],"product_brand":[],"product_cat":[3008],"product_tag":[],"class_list":{"0":"post-93258","1":"product","2":"type-product","3":"status-publish","4":"has-post-thumbnail","6":"product_cat-software-de-preimpresion","7":"pa_baujahr-127","8":"pa_hersteller-highwater-torrent","9":"pa_typ-torrent-rip","11":"first","12":"instock","13":"sold-individually","14":"taxable","15":"shipping-taxable","16":"purchasable","17":"product-type-simple"},"jetpack_sharing_enabled":true,"_links":{"self":[{"href":"https:\/\/www.3p-gmbh.de\/es\/wp-json\/wp\/v2\/product\/93258","targetHints":{"allow":["GET"]}}],"collection":[{"href":"https:\/\/www.3p-gmbh.de\/es\/wp-json\/wp\/v2\/product"}],"about":[{"href":"https:\/\/www.3p-gmbh.de\/es\/wp-json\/wp\/v2\/types\/product"}],"wp:featuredmedia":[{"embeddable":true,"href":"https:\/\/www.3p-gmbh.de\/es\/wp-json\/wp\/v2\/media\/65059"}],"wp:attachment":[{"href":"https:\/\/www.3p-gmbh.de\/es\/wp-json\/wp\/v2\/media?parent=93258"}],"wp:term":[{"taxonomy":"product_brand","embeddable":true,"href":"https:\/\/www.3p-gmbh.de\/es\/wp-json\/wp\/v2\/product_brand?post=93258"},{"taxonomy":"product_cat","embeddable":true,"href":"https:\/\/www.3p-gmbh.de\/es\/wp-json\/wp\/v2\/product_cat?post=93258"},{"taxonomy":"product_tag","embeddable":true,"href":"https:\/\/www.3p-gmbh.de\/es\/wp-json\/wp\/v2\/product_tag?post=93258"}],"curies":[{"name":"wp","href":"https:\/\/api.w.org\/{rel}","templated":true}]}}