{"id":93252,"date":"2019-07-11T13:54:09","date_gmt":"2019-07-11T13:54:09","guid":{"rendered":"https:\/\/www.3p-gmbh.de\/produkt\/heidelberg-suprasetter-105-s-sistema-ctp-termico\/"},"modified":"2019-07-11T13:54:09","modified_gmt":"2019-07-11T13:54:09","slug":"filmadora-termica-2","status":"publish","type":"product","link":"https:\/\/www.3p-gmbh.de\/es\/produkt\/filmadora-termica-2\/","title":{"rendered":"Heidelberg Suprasetter 105 S Sistema CtP T\u00e9rmico"},"content":{"rendered":"<ul>\n<li>A\u00f1o de fabricaci\u00f3n 3- 2007<\/li>\n<li>Rendimiento del l\u00e1ser s\u00f3lo aprox. 3400 horas<\/li>\n<li>3 l\u00e1seres t\u00e9rmicos de 830 nm, para un rendimiento m\u00e1ximo. 21 platos\/h<\/li>\n<li>Min. Formato del panel (alto \u00d7 ancho) 370 \u00d7 323 mm<\/li>\n<li>Max. Formato del panel (alto \u00d7 ancho) 930 \u00d7 1.140 mm<\/li>\n<li>Grosor del panel 0,15-0,35 mm<\/li>\n<li>Resoluci\u00f3n 2.400 o 2.540 ppp<\/li>\n<li>Par de punzones interiores 780 mm \/ 425 mm<\/li>\n<li>SCL Cargador de un solo casete<\/li>\n<li>Unidad de carga y descarga de planchas totalmente autom\u00e1tica con retirada autom\u00e1tica del papel intermedio y puente de 90 grados integrado con el procesador en l\u00ednea<\/li>\n<li>Cassette con hasta 100 placas (0,3 mm) o 150 placas (0,15 mm)<\/li>\n<li>MetaShooter de Prinect<\/li>\n<li>Flujo de trabajo Dimension 11.0<\/li>\n<li>preparado para la exposici\u00f3n lenticular Heidelberg<\/li>\n<li>Procesadora de placas Kodak Mercury 850<\/li>\n<li>Apilador con carro<\/li>\n<\/ul>\n","protected":false},"excerpt":{"rendered":"<p>A\u00f1o de fabricaci\u00f3n 3- 2007 Rendimiento del l\u00e1ser s\u00f3lo aprox. 3400 horas 3 l\u00e1seres t\u00e9rmicos de 830 nm, para un rendimiento m\u00e1ximo. 21 platos\/h Min. Formato del panel (alto \u00d7 ancho) 370 \u00d7 323 mm Max. Formato del panel (alto \u00d7 ancho) 930 \u00d7 1.140 mm Grosor del panel 0,15-0,35 mm Resoluci\u00f3n 2.400 o 2.540 [&hellip;]<\/p>\n","protected":false},"featured_media":65098,"template":"","meta":[],"product_brand":[],"product_cat":[2870],"product_tag":[],"class_list":{"0":"post-93252","1":"product","2":"type-product","3":"status-publish","4":"has-post-thumbnail","6":"product_cat-sistemas-de-ordenador-a-placa","7":"pa_baujahr-140","8":"pa_hersteller-heidelberg","9":"pa_typ-suprasetter-105-s","11":"first","12":"instock","13":"sold-individually","14":"taxable","15":"shipping-taxable","16":"purchasable","17":"product-type-simple"},"jetpack_sharing_enabled":true,"_links":{"self":[{"href":"https:\/\/www.3p-gmbh.de\/es\/wp-json\/wp\/v2\/product\/93252","targetHints":{"allow":["GET"]}}],"collection":[{"href":"https:\/\/www.3p-gmbh.de\/es\/wp-json\/wp\/v2\/product"}],"about":[{"href":"https:\/\/www.3p-gmbh.de\/es\/wp-json\/wp\/v2\/types\/product"}],"wp:featuredmedia":[{"embeddable":true,"href":"https:\/\/www.3p-gmbh.de\/es\/wp-json\/wp\/v2\/media\/65098"}],"wp:attachment":[{"href":"https:\/\/www.3p-gmbh.de\/es\/wp-json\/wp\/v2\/media?parent=93252"}],"wp:term":[{"taxonomy":"product_brand","embeddable":true,"href":"https:\/\/www.3p-gmbh.de\/es\/wp-json\/wp\/v2\/product_brand?post=93252"},{"taxonomy":"product_cat","embeddable":true,"href":"https:\/\/www.3p-gmbh.de\/es\/wp-json\/wp\/v2\/product_cat?post=93252"},{"taxonomy":"product_tag","embeddable":true,"href":"https:\/\/www.3p-gmbh.de\/es\/wp-json\/wp\/v2\/product_tag?post=93252"}],"curies":[{"name":"wp","href":"https:\/\/api.w.org\/{rel}","templated":true}]}}