{"id":93246,"date":"2019-07-11T13:54:02","date_gmt":"2019-07-11T13:54:02","guid":{"rendered":"https:\/\/www.3p-gmbh.de\/produkt\/pantalla-platerite-pt-r-8000-sistema-ctp-termico\/"},"modified":"2019-07-11T13:54:02","modified_gmt":"2019-07-11T13:54:02","slug":"sistema-termico-ctp-3","status":"publish","type":"product","link":"https:\/\/www.3p-gmbh.de\/es\/produkt\/sistema-termico-ctp-3\/","title":{"rendered":"Pantalla Platerite PT-R 8000 Sistema CtP T\u00e9rmico"},"content":{"rendered":"<ul>\n<li>  para la exposici\u00f3n de planchas de impresi\u00f3n t\u00e9rmica<\/li>\n<li>aprox. 135.000 l\u00e1minas ilustradas<\/li>\n<li>Resoluci\u00f3n 1200,2000, 2400, 2540, 4000 ppp<\/li>\n<li>32 diodos<\/li>\n<li>punz\u00f3n interior autoplateado 425 y 780mm<\/li>\n<li>Cargador autom\u00e1tico simple con casete simple<\/li>\n<li>Puente con apilador<\/li>\n<\/ul>\n<p>Fuji Celebrant Suite Workflow Versi\u00f3n 6.1.3 con Hardware para PC y Dongle<br \/>\ncon las siguientes activaciones:<\/p>\n<p>Opci\u00f3n de comprobador gen\u00e9rico de baja resoluci\u00f3n, opci\u00f3n de exportaci\u00f3n de Tiff de baja resoluci\u00f3n, m\u00f3dulo de exportaci\u00f3n de Tiff, imposici\u00f3n, motor de clase B, ripado PS b\u00e1sico, HR (&gt;1200 dpi) Salida Contone, HR (&gt;1200 dpi), InRip Trapping para Rip, LR (&amp;lt 1200 dpi) Contone output, configuraci\u00f3n Multi-PC, Postscript Level III, Descreener, Merge and Screen Module, TIFF\/IT conversation, Primer, Class Inkjet Proofer<\/p>\n","protected":false},"excerpt":{"rendered":"<p>para la exposici\u00f3n de planchas de impresi\u00f3n t\u00e9rmica aprox. 135.000 l\u00e1minas ilustradas Resoluci\u00f3n 1200,2000, 2400, 2540, 4000 ppp 32 diodos punz\u00f3n interior autoplateado 425 y 780mm Cargador autom\u00e1tico simple con casete simple Puente con apilador Fuji Celebrant Suite Workflow Versi\u00f3n 6.1.3 con Hardware para PC y Dongle con las siguientes activaciones: Opci\u00f3n de comprobador gen\u00e9rico [&hellip;]<\/p>\n","protected":false},"featured_media":65077,"template":"","meta":[],"product_brand":[],"product_cat":[2870],"product_tag":[],"class_list":{"0":"post-93246","1":"product","2":"type-product","3":"status-publish","4":"has-post-thumbnail","6":"product_cat-sistemas-de-ordenador-a-placa","7":"pa_baujahr-153","8":"pa_hersteller-screen-fuji-agfa","9":"pa_typ-platerite-pt-r-8000-mk-ii","11":"first","12":"instock","13":"sold-individually","14":"taxable","15":"shipping-taxable","16":"purchasable","17":"product-type-simple"},"jetpack_sharing_enabled":true,"_links":{"self":[{"href":"https:\/\/www.3p-gmbh.de\/es\/wp-json\/wp\/v2\/product\/93246","targetHints":{"allow":["GET"]}}],"collection":[{"href":"https:\/\/www.3p-gmbh.de\/es\/wp-json\/wp\/v2\/product"}],"about":[{"href":"https:\/\/www.3p-gmbh.de\/es\/wp-json\/wp\/v2\/types\/product"}],"wp:featuredmedia":[{"embeddable":true,"href":"https:\/\/www.3p-gmbh.de\/es\/wp-json\/wp\/v2\/media\/65077"}],"wp:attachment":[{"href":"https:\/\/www.3p-gmbh.de\/es\/wp-json\/wp\/v2\/media?parent=93246"}],"wp:term":[{"taxonomy":"product_brand","embeddable":true,"href":"https:\/\/www.3p-gmbh.de\/es\/wp-json\/wp\/v2\/product_brand?post=93246"},{"taxonomy":"product_cat","embeddable":true,"href":"https:\/\/www.3p-gmbh.de\/es\/wp-json\/wp\/v2\/product_cat?post=93246"},{"taxonomy":"product_tag","embeddable":true,"href":"https:\/\/www.3p-gmbh.de\/es\/wp-json\/wp\/v2\/product_tag?post=93246"}],"curies":[{"name":"wp","href":"https:\/\/api.w.org\/{rel}","templated":true}]}}