{"id":93238,"date":"2019-07-11T13:54:09","date_gmt":"2019-07-11T13:54:09","guid":{"rendered":"https:\/\/www.3p-gmbh.de\/produkt\/maquina-ctp-totalmente-automatica-heidelberg-suprasetter-s-75-scl\/"},"modified":"2019-07-11T13:54:09","modified_gmt":"2019-07-11T13:54:09","slug":"filmadora-de-planchas-totalmente-automatica","status":"publish","type":"product","link":"https:\/\/www.3p-gmbh.de\/es\/produkt\/filmadora-de-planchas-totalmente-automatica\/","title":{"rendered":"M\u00e1quina CtP totalmente autom\u00e1tica Heidelberg Suprasetter S 75 SCL"},"content":{"rendered":"<ul>\n<li>M\u00e1quina totalmente autom\u00e1tica con dos casetes m\u00f3viles de almacenamiento de placas, que deben insertarse seg\u00fan se desee<\/li>\n<li>l\u00e1ser t\u00e9rmico 830 nm<\/li>\n<li>Resoluci\u00f3n 2540<\/li>\n<li>min. Formato 370 x 324 mm<\/li>\n<li>m\u00e1x. Formato 680 x 760 mm<\/li>\n<li>Grosor del panel 0,15-0,30 mm<\/li>\n<li>Producci\u00f3n aprox. 21 platos\/h<\/li>\n<li>Punz\u00f3n Autoplate en l\u00ednea 425 mm<\/li>\n<li>Heidelberg Meta Rip 4-up Versi\u00f3n 7.5.1<\/li>\n<li>Metashooter 4.5, CIP 4, Prinect Signa 4.5.3<\/li>\n<li>Prinect Color Proof 4.0<\/li>\n<li>Pre Press Manager M<\/li>\n<li>Estaci\u00f3n de engomado Glunz &amp; Jensen C 85 para planchas sin proceso<\/li>\n<li>Apilador de platos cortos Glunz &amp; Jensen<\/li>\n<\/ul>\n","protected":false},"excerpt":{"rendered":"<p>M\u00e1quina totalmente autom\u00e1tica con dos casetes m\u00f3viles de almacenamiento de placas, que deben insertarse seg\u00fan se desee l\u00e1ser t\u00e9rmico 830 nm Resoluci\u00f3n 2540 min. Formato 370 x 324 mm m\u00e1x. Formato 680 x 760 mm Grosor del panel 0,15-0,30 mm Producci\u00f3n aprox. 21 platos\/h Punz\u00f3n Autoplate en l\u00ednea 425 mm Heidelberg Meta Rip 4-up Versi\u00f3n [&hellip;]<\/p>\n","protected":false},"featured_media":65107,"template":"","meta":[],"product_brand":[],"product_cat":[2870],"product_tag":[],"class_list":{"0":"post-93238","1":"product","2":"type-product","3":"status-publish","4":"has-post-thumbnail","6":"product_cat-sistemas-de-ordenador-a-placa","7":"pa_baujahr-127","8":"pa_hersteller-heidelberg","9":"pa_typ-suprasetter-s-75-scl","11":"first","12":"instock","13":"sold-individually","14":"taxable","15":"shipping-taxable","16":"purchasable","17":"product-type-simple"},"jetpack_sharing_enabled":true,"_links":{"self":[{"href":"https:\/\/www.3p-gmbh.de\/es\/wp-json\/wp\/v2\/product\/93238","targetHints":{"allow":["GET"]}}],"collection":[{"href":"https:\/\/www.3p-gmbh.de\/es\/wp-json\/wp\/v2\/product"}],"about":[{"href":"https:\/\/www.3p-gmbh.de\/es\/wp-json\/wp\/v2\/types\/product"}],"wp:featuredmedia":[{"embeddable":true,"href":"https:\/\/www.3p-gmbh.de\/es\/wp-json\/wp\/v2\/media\/65107"}],"wp:attachment":[{"href":"https:\/\/www.3p-gmbh.de\/es\/wp-json\/wp\/v2\/media?parent=93238"}],"wp:term":[{"taxonomy":"product_brand","embeddable":true,"href":"https:\/\/www.3p-gmbh.de\/es\/wp-json\/wp\/v2\/product_brand?post=93238"},{"taxonomy":"product_cat","embeddable":true,"href":"https:\/\/www.3p-gmbh.de\/es\/wp-json\/wp\/v2\/product_cat?post=93238"},{"taxonomy":"product_tag","embeddable":true,"href":"https:\/\/www.3p-gmbh.de\/es\/wp-json\/wp\/v2\/product_tag?post=93238"}],"curies":[{"name":"wp","href":"https:\/\/api.w.org\/{rel}","templated":true}]}}