{"id":93234,"date":"2019-07-11T13:54:09","date_gmt":"2019-07-11T13:54:09","guid":{"rendered":"https:\/\/www.3p-gmbh.de\/produkt\/heidelberg-suprasetter-74-s-sistema-ctp-termico\/"},"modified":"2019-07-11T13:54:09","modified_gmt":"2019-07-11T13:54:09","slug":"plancha-termica-3","status":"publish","type":"product","link":"https:\/\/www.3p-gmbh.de\/es\/produkt\/plancha-termica-3\/","title":{"rendered":"Heidelberg Suprasetter 74 S Sistema CtP T\u00e9rmico"},"content":{"rendered":"<ul>\n<li>con 4 cabezales l\u00e1ser, es decir, capacidad de producci\u00f3n de 21 planchas\/hora<\/li>\n<li>Sistema manual con puente en l\u00ednea para el desarrollo<\/li>\n<li>punz\u00f3n interior autoplateado 425mm<\/li>\n<li>m\u00e1x. Tama\u00f1o del panel 680&#215;750 mm<\/li>\n<li>min. Tama\u00f1o del panel 370x323mm<\/li>\n<li>Meta Tirador Prinect<\/li>\n<li>Meta Dimensi\u00f3n Prinect<\/li>\n<li>Revelado de placas Kodak Mercury 850<\/li>\n<\/ul>\n","protected":false},"excerpt":{"rendered":"<p>con 4 cabezales l\u00e1ser, es decir, capacidad de producci\u00f3n de 21 planchas\/hora Sistema manual con puente en l\u00ednea para el desarrollo punz\u00f3n interior autoplateado 425mm m\u00e1x. Tama\u00f1o del panel 680&#215;750 mm min. Tama\u00f1o del panel 370x323mm Meta Tirador Prinect Meta Dimensi\u00f3n Prinect Revelado de placas Kodak Mercury 850<\/p>\n","protected":false},"featured_media":65101,"template":"","meta":[],"product_brand":[],"product_cat":[2870],"product_tag":[],"class_list":{"0":"post-93234","1":"product","2":"type-product","3":"status-publish","4":"has-post-thumbnail","6":"product_cat-sistemas-de-ordenador-a-placa","7":"pa_baujahr-198","8":"pa_hersteller-heidelberg","9":"pa_typ-suprasetter-74-s","11":"first","12":"instock","13":"sold-individually","14":"taxable","15":"shipping-taxable","16":"purchasable","17":"product-type-simple"},"jetpack_sharing_enabled":true,"_links":{"self":[{"href":"https:\/\/www.3p-gmbh.de\/es\/wp-json\/wp\/v2\/product\/93234","targetHints":{"allow":["GET"]}}],"collection":[{"href":"https:\/\/www.3p-gmbh.de\/es\/wp-json\/wp\/v2\/product"}],"about":[{"href":"https:\/\/www.3p-gmbh.de\/es\/wp-json\/wp\/v2\/types\/product"}],"wp:featuredmedia":[{"embeddable":true,"href":"https:\/\/www.3p-gmbh.de\/es\/wp-json\/wp\/v2\/media\/65101"}],"wp:attachment":[{"href":"https:\/\/www.3p-gmbh.de\/es\/wp-json\/wp\/v2\/media?parent=93234"}],"wp:term":[{"taxonomy":"product_brand","embeddable":true,"href":"https:\/\/www.3p-gmbh.de\/es\/wp-json\/wp\/v2\/product_brand?post=93234"},{"taxonomy":"product_cat","embeddable":true,"href":"https:\/\/www.3p-gmbh.de\/es\/wp-json\/wp\/v2\/product_cat?post=93234"},{"taxonomy":"product_tag","embeddable":true,"href":"https:\/\/www.3p-gmbh.de\/es\/wp-json\/wp\/v2\/product_tag?post=93234"}],"curies":[{"name":"wp","href":"https:\/\/api.w.org\/{rel}","templated":true}]}}