{"id":93228,"date":"2019-07-11T13:54:09","date_gmt":"2019-07-11T13:54:09","guid":{"rendered":"https:\/\/www.3p-gmbh.de\/produkt\/heidelberg-suprasetter-a-74-sistema-ctp-termico\/"},"modified":"2019-07-11T13:54:09","modified_gmt":"2019-07-11T13:54:09","slug":"plancha-termica-4","status":"publish","type":"product","link":"https:\/\/www.3p-gmbh.de\/es\/produkt\/plancha-termica-4\/","title":{"rendered":"Heidelberg Suprasetter A 74 Sistema CtP T\u00e9rmico"},"content":{"rendered":"<ul>\n<li>Semiautom\u00e1tico con sistema manual<\/li>\n<li>L\u00e1ser t\u00e9rmico 830 nm<\/li>\n<li>Resoluci\u00f3n 2540 ppp<\/li>\n<li>min. Formato 370 x 324 mm<\/li>\n<li>m\u00e1x. Formato 680 x 760 mm<\/li>\n<li>Grosor del panel 0,15-0,30 mm<\/li>\n<li>Producci\u00f3n aprox. 21 platos\/h<\/li>\n<li>punz\u00f3n autoplateado en l\u00ednea 425 mm<\/li>\n<li>Heidelberg Meta Rip 7.5.1 con Meta Shooter<\/li>\n<li>con Prinect SignaStation<\/li>\n<\/ul>\n","protected":false},"excerpt":{"rendered":"<p>Semiautom\u00e1tico con sistema manual L\u00e1ser t\u00e9rmico 830 nm Resoluci\u00f3n 2540 ppp min. Formato 370 x 324 mm m\u00e1x. Formato 680 x 760 mm Grosor del panel 0,15-0,30 mm Producci\u00f3n aprox. 21 platos\/h punz\u00f3n autoplateado en l\u00ednea 425 mm Heidelberg Meta Rip 7.5.1 con Meta Shooter con Prinect SignaStation<\/p>\n","protected":false},"featured_media":65134,"template":"","meta":[],"product_brand":[],"product_cat":[2870],"product_tag":[],"class_list":{"0":"post-93228","1":"product","2":"type-product","3":"status-publish","4":"has-post-thumbnail","6":"product_cat-sistemas-de-ordenador-a-placa","7":"pa_baujahr-140","8":"pa_hersteller-heidelberg","9":"pa_typ-suprasetter-a-74","11":"first","12":"instock","13":"sold-individually","14":"taxable","15":"shipping-taxable","16":"purchasable","17":"product-type-simple"},"jetpack_sharing_enabled":true,"_links":{"self":[{"href":"https:\/\/www.3p-gmbh.de\/es\/wp-json\/wp\/v2\/product\/93228","targetHints":{"allow":["GET"]}}],"collection":[{"href":"https:\/\/www.3p-gmbh.de\/es\/wp-json\/wp\/v2\/product"}],"about":[{"href":"https:\/\/www.3p-gmbh.de\/es\/wp-json\/wp\/v2\/types\/product"}],"wp:featuredmedia":[{"embeddable":true,"href":"https:\/\/www.3p-gmbh.de\/es\/wp-json\/wp\/v2\/media\/65134"}],"wp:attachment":[{"href":"https:\/\/www.3p-gmbh.de\/es\/wp-json\/wp\/v2\/media?parent=93228"}],"wp:term":[{"taxonomy":"product_brand","embeddable":true,"href":"https:\/\/www.3p-gmbh.de\/es\/wp-json\/wp\/v2\/product_brand?post=93228"},{"taxonomy":"product_cat","embeddable":true,"href":"https:\/\/www.3p-gmbh.de\/es\/wp-json\/wp\/v2\/product_cat?post=93228"},{"taxonomy":"product_tag","embeddable":true,"href":"https:\/\/www.3p-gmbh.de\/es\/wp-json\/wp\/v2\/product_tag?post=93228"}],"curies":[{"name":"wp","href":"https:\/\/api.w.org\/{rel}","templated":true}]}}