{"id":93227,"date":"2019-07-11T13:54:09","date_gmt":"2019-07-11T13:54:09","guid":{"rendered":"https:\/\/www.3p-gmbh.de\/produkt\/heidelberg-suprasetter-74-s-sistema-ctp-termico\/"},"modified":"2019-07-11T13:54:09","modified_gmt":"2019-07-11T13:54:09","slug":"sistema-ctp-termico-de-4-caras","status":"publish","type":"product","link":"https:\/\/www.3p-gmbh.de\/es\/produkt\/sistema-ctp-termico-de-4-caras\/","title":{"rendered":"Heidelberg Suprasetter 74 S Sistema CTP T\u00e9rmico"},"content":{"rendered":"<ul>\n<li>Sistema CTP t\u00e9rmico semiautom\u00e1tico completo Heidelberg<\/li>\n<li>con Printready Worklflow y engomado de lavado<\/li>\n<li>A\u00f1o de fabricaci\u00f3n Agosto de 2006<\/li>\n<li>Meta Tirador Prinect<\/li>\n<li>Prinect Meta Rip<\/li>\n<li>Flujo de trabajo Prinect Meta Printraedy M<\/li>\n<li>Prinect Signastation<\/li>\n<li>Caja de herramientas PDF<\/li>\n<li>Impresora de pruebas Epson<\/li>\n<li>punz\u00f3n de chapa interior 425mm Autoplate<\/li>\n<li>Succi\u00f3n para placas ablativas<\/li>\n<li>punz\u00f3n interior autoplateado 425mm<\/li>\n<li>m\u00e1x. Tama\u00f1o del panel 680&#215;750 mm<\/li>\n<li>min. Tama\u00f1o del panel 370x323mm<\/li>\n<li>Sistema manual de paneles, expulsi\u00f3n autom\u00e1tica de paneles<\/li>\n<li>Producci\u00f3n de 19 planchas \/ hora en formato completo<\/li>\n<li>Goma de lavado Glunz &amp; Jensen C 85 con apilador Advant PST 26<\/li>\n<\/ul>\n","protected":false},"excerpt":{"rendered":"<p>Sistema CTP t\u00e9rmico semiautom\u00e1tico completo Heidelberg con Printready Worklflow y engomado de lavado A\u00f1o de fabricaci\u00f3n Agosto de 2006 Meta Tirador Prinect Prinect Meta Rip Flujo de trabajo Prinect Meta Printraedy M Prinect Signastation Caja de herramientas PDF Impresora de pruebas Epson punz\u00f3n de chapa interior 425mm Autoplate Succi\u00f3n para placas ablativas punz\u00f3n interior autoplateado [&hellip;]<\/p>\n","protected":false},"featured_media":70585,"template":"","meta":[],"product_brand":[],"product_cat":[2870],"product_tag":[],"class_list":{"0":"post-93227","1":"product","2":"type-product","3":"status-publish","4":"has-post-thumbnail","6":"product_cat-sistemas-de-ordenador-a-placa","7":"pa_baujahr-127","8":"pa_hersteller-heidelberg","9":"pa_typ-suprasetter-74-s","11":"first","12":"instock","13":"sold-individually","14":"taxable","15":"shipping-taxable","16":"purchasable","17":"product-type-simple"},"jetpack_sharing_enabled":true,"_links":{"self":[{"href":"https:\/\/www.3p-gmbh.de\/es\/wp-json\/wp\/v2\/product\/93227","targetHints":{"allow":["GET"]}}],"collection":[{"href":"https:\/\/www.3p-gmbh.de\/es\/wp-json\/wp\/v2\/product"}],"about":[{"href":"https:\/\/www.3p-gmbh.de\/es\/wp-json\/wp\/v2\/types\/product"}],"wp:featuredmedia":[{"embeddable":true,"href":"https:\/\/www.3p-gmbh.de\/es\/wp-json\/wp\/v2\/media\/70585"}],"wp:attachment":[{"href":"https:\/\/www.3p-gmbh.de\/es\/wp-json\/wp\/v2\/media?parent=93227"}],"wp:term":[{"taxonomy":"product_brand","embeddable":true,"href":"https:\/\/www.3p-gmbh.de\/es\/wp-json\/wp\/v2\/product_brand?post=93227"},{"taxonomy":"product_cat","embeddable":true,"href":"https:\/\/www.3p-gmbh.de\/es\/wp-json\/wp\/v2\/product_cat?post=93227"},{"taxonomy":"product_tag","embeddable":true,"href":"https:\/\/www.3p-gmbh.de\/es\/wp-json\/wp\/v2\/product_tag?post=93227"}],"curies":[{"name":"wp","href":"https:\/\/api.w.org\/{rel}","templated":true}]}}