{"id":93211,"date":"2019-07-11T13:54:09","date_gmt":"2019-07-11T13:54:09","guid":{"rendered":"https:\/\/www.3p-gmbh.de\/produkt\/sistema-ctp-termico-kodak-magnus-800-totalmente-automatico\/"},"modified":"2019-07-11T13:54:09","modified_gmt":"2019-07-11T13:54:09","slug":"8-page-thermal-ctp-full-automatic","status":"publish","type":"product","link":"https:\/\/www.3p-gmbh.de\/es\/produkt\/8-page-thermal-ctp-full-automatic\/","title":{"rendered":"Sistema CtP T\u00e9rmico Kodak Magnus 800 Totalmente Autom\u00e1tico"},"content":{"rendered":"<ul>\n<li>Producci\u00f3n 15 placas\/hora<\/li>\n<li>L\u00e1ser IR, 830 nm para procesar planchas de impresi\u00f3n t\u00e9rmica<\/li>\n<li>m\u00e1x. Formato de la plancha de impresi\u00f3n 1162 x 950 mm<\/li>\n<li>min. Formato de la plancha de impresi\u00f3n 330 x 380 mm<\/li>\n<li>Espesor del panel de 0,15 a 0,4 mm<\/li>\n<li>Resoluci\u00f3n 2400 dpi<\/li>\n<li>Autoloader SCU con un casete<\/li>\n<li>punz\u00f3n interior Autoplate 780mm<\/li>\n<li>Eliminaci\u00f3n de residuos (aspiraci\u00f3n)<\/li>\n<li>Flujo de trabajo de Prinergy<\/li>\n<li>Kodak Mercury 125 con apilador de placas con carro de bandejas<\/li>\n<\/ul>\n","protected":false},"excerpt":{"rendered":"<p>Producci\u00f3n 15 placas\/hora L\u00e1ser IR, 830 nm para procesar planchas de impresi\u00f3n t\u00e9rmica m\u00e1x. Formato de la plancha de impresi\u00f3n 1162 x 950 mm min. Formato de la plancha de impresi\u00f3n 330 x 380 mm Espesor del panel de 0,15 a 0,4 mm Resoluci\u00f3n 2400 dpi Autoloader SCU con un casete punz\u00f3n interior Autoplate 780mm [&hellip;]<\/p>\n","protected":false},"featured_media":65176,"template":"","meta":[],"product_brand":[],"product_cat":[2870],"product_tag":[],"class_list":{"0":"post-93211","1":"product","2":"type-product","3":"status-publish","4":"has-post-thumbnail","6":"product_cat-sistemas-de-ordenador-a-placa","7":"pa_baujahr-127","8":"pa_hersteller-kodak","9":"pa_typ-magnus-800","11":"first","12":"instock","13":"sold-individually","14":"taxable","15":"shipping-taxable","16":"purchasable","17":"product-type-simple"},"jetpack_sharing_enabled":true,"_links":{"self":[{"href":"https:\/\/www.3p-gmbh.de\/es\/wp-json\/wp\/v2\/product\/93211","targetHints":{"allow":["GET"]}}],"collection":[{"href":"https:\/\/www.3p-gmbh.de\/es\/wp-json\/wp\/v2\/product"}],"about":[{"href":"https:\/\/www.3p-gmbh.de\/es\/wp-json\/wp\/v2\/types\/product"}],"wp:featuredmedia":[{"embeddable":true,"href":"https:\/\/www.3p-gmbh.de\/es\/wp-json\/wp\/v2\/media\/65176"}],"wp:attachment":[{"href":"https:\/\/www.3p-gmbh.de\/es\/wp-json\/wp\/v2\/media?parent=93211"}],"wp:term":[{"taxonomy":"product_brand","embeddable":true,"href":"https:\/\/www.3p-gmbh.de\/es\/wp-json\/wp\/v2\/product_brand?post=93211"},{"taxonomy":"product_cat","embeddable":true,"href":"https:\/\/www.3p-gmbh.de\/es\/wp-json\/wp\/v2\/product_cat?post=93211"},{"taxonomy":"product_tag","embeddable":true,"href":"https:\/\/www.3p-gmbh.de\/es\/wp-json\/wp\/v2\/product_tag?post=93211"}],"curies":[{"name":"wp","href":"https:\/\/api.w.org\/{rel}","templated":true}]}}