{"id":93210,"date":"2019-07-11T13:54:09","date_gmt":"2019-07-11T13:54:09","guid":{"rendered":"https:\/\/www.3p-gmbh.de\/produkt\/heidelberg-suprasetter-105-sistema-ctp-termico\/"},"modified":"2019-07-11T13:54:09","modified_gmt":"2019-07-11T13:54:09","slug":"ctp-termico-totalmente-automatico","status":"publish","type":"product","link":"https:\/\/www.3p-gmbh.de\/es\/produkt\/ctp-termico-totalmente-automatico\/","title":{"rendered":"Heidelberg Suprasetter 105 Sistema CtP T\u00e9rmico"},"content":{"rendered":"<ul>\n<li>A\u00f1o de fabricaci\u00f3n 2005<\/li>\n<li>L\u00e1ser t\u00e9rmico de 830 nm para un rendimiento de aprox. 18 planchas de formato completo por hora<\/li>\n<li>Sistema de carga de un casete con dos carros de placas<\/li>\n<li>interno Heidelberg Autoplate registro perforaci\u00f3n agujero espaciado 780mm<\/li>\n<li>MetaShooter de Prinect<\/li>\n<li>Flujo de trabajo de Prinect MetaDimension<\/li>\n<li>Revelado t\u00e9rmico Kodak Mercury 850 MK VI<\/li>\n<li>Apilador de placas Kodak con carro<\/li>\n<\/ul>\n","protected":false},"excerpt":{"rendered":"<p>A\u00f1o de fabricaci\u00f3n 2005 L\u00e1ser t\u00e9rmico de 830 nm para un rendimiento de aprox. 18 planchas de formato completo por hora Sistema de carga de un casete con dos carros de placas interno Heidelberg Autoplate registro perforaci\u00f3n agujero espaciado 780mm MetaShooter de Prinect Flujo de trabajo de Prinect MetaDimension Revelado t\u00e9rmico Kodak Mercury 850 MK [&hellip;]<\/p>\n","protected":false},"featured_media":65149,"template":"","meta":[],"product_brand":[],"product_cat":[2870],"product_tag":[],"class_list":{"0":"post-93210","1":"product","2":"type-product","3":"status-publish","4":"has-post-thumbnail","6":"product_cat-sistemas-de-ordenador-a-placa","7":"pa_baujahr-168","8":"pa_hersteller-heidelberg","9":"pa_typ-suprasetter-105","11":"first","12":"instock","13":"sold-individually","14":"taxable","15":"shipping-taxable","16":"purchasable","17":"product-type-simple"},"jetpack_sharing_enabled":true,"_links":{"self":[{"href":"https:\/\/www.3p-gmbh.de\/es\/wp-json\/wp\/v2\/product\/93210","targetHints":{"allow":["GET"]}}],"collection":[{"href":"https:\/\/www.3p-gmbh.de\/es\/wp-json\/wp\/v2\/product"}],"about":[{"href":"https:\/\/www.3p-gmbh.de\/es\/wp-json\/wp\/v2\/types\/product"}],"wp:featuredmedia":[{"embeddable":true,"href":"https:\/\/www.3p-gmbh.de\/es\/wp-json\/wp\/v2\/media\/65149"}],"wp:attachment":[{"href":"https:\/\/www.3p-gmbh.de\/es\/wp-json\/wp\/v2\/media?parent=93210"}],"wp:term":[{"taxonomy":"product_brand","embeddable":true,"href":"https:\/\/www.3p-gmbh.de\/es\/wp-json\/wp\/v2\/product_brand?post=93210"},{"taxonomy":"product_cat","embeddable":true,"href":"https:\/\/www.3p-gmbh.de\/es\/wp-json\/wp\/v2\/product_cat?post=93210"},{"taxonomy":"product_tag","embeddable":true,"href":"https:\/\/www.3p-gmbh.de\/es\/wp-json\/wp\/v2\/product_tag?post=93210"}],"curies":[{"name":"wp","href":"https:\/\/api.w.org\/{rel}","templated":true}]}}