{"id":93209,"date":"2019-07-11T13:54:09","date_gmt":"2019-07-11T13:54:09","guid":{"rendered":"https:\/\/www.3p-gmbh.de\/produkt\/sistema-ctp-heidelberg-suprasetter-a-75\/"},"modified":"2019-07-11T13:54:09","modified_gmt":"2019-07-11T13:54:09","slug":"camara-termografica-ctp","status":"publish","type":"product","link":"https:\/\/www.3p-gmbh.de\/es\/produkt\/camara-termografica-ctp\/","title":{"rendered":"Sistema CTP Heidelberg Suprasetter A 75"},"content":{"rendered":"<ul>\n<li>con Prinect Meta Dimension Rip<\/li>\n<li>M\u00e1quina CTP totalmente autom\u00e1tica con casete de almacenamiento de planchas ATL<\/li>\n<li>l\u00e1ser t\u00e9rmico 830 nm<\/li>\n<li>Dispositivo de succi\u00f3n para placas sin proceso<\/li>\n<li>Resoluci\u00f3n 2540 ppp<\/li>\n<li>min. Formato 370 x 324 mm<\/li>\n<li>m\u00e1x. Formato 680 x 760 mm<\/li>\n<li>Grosor del panel 0,15-0,30 mm<\/li>\n<li>punz\u00f3n en l\u00ednea 425 mm<\/li>\n<li>con Glunz &amp; Jensen WashGum 85<\/li>\n<li>con apilador de chapas cortas Advant PST-26<\/li>\n<\/ul>\n","protected":false},"excerpt":{"rendered":"<p>con Prinect Meta Dimension Rip M\u00e1quina CTP totalmente autom\u00e1tica con casete de almacenamiento de planchas ATL l\u00e1ser t\u00e9rmico 830 nm Dispositivo de succi\u00f3n para placas sin proceso Resoluci\u00f3n 2540 ppp min. Formato 370 x 324 mm m\u00e1x. Formato 680 x 760 mm Grosor del panel 0,15-0,30 mm punz\u00f3n en l\u00ednea 425 mm con Glunz &amp; [&hellip;]<\/p>\n","protected":false},"featured_media":65143,"template":"","meta":[],"product_brand":[],"product_cat":[2870],"product_tag":[],"class_list":{"0":"post-93209","1":"product","2":"type-product","3":"status-publish","4":"has-post-thumbnail","6":"product_cat-sistemas-de-ordenador-a-placa","7":"pa_baujahr-326","8":"pa_hersteller-heidelberg","9":"pa_typ-suprasetter-a-75-automation","11":"first","12":"instock","13":"sold-individually","14":"taxable","15":"shipping-taxable","16":"purchasable","17":"product-type-simple"},"jetpack_sharing_enabled":true,"_links":{"self":[{"href":"https:\/\/www.3p-gmbh.de\/es\/wp-json\/wp\/v2\/product\/93209","targetHints":{"allow":["GET"]}}],"collection":[{"href":"https:\/\/www.3p-gmbh.de\/es\/wp-json\/wp\/v2\/product"}],"about":[{"href":"https:\/\/www.3p-gmbh.de\/es\/wp-json\/wp\/v2\/types\/product"}],"wp:featuredmedia":[{"embeddable":true,"href":"https:\/\/www.3p-gmbh.de\/es\/wp-json\/wp\/v2\/media\/65143"}],"wp:attachment":[{"href":"https:\/\/www.3p-gmbh.de\/es\/wp-json\/wp\/v2\/media?parent=93209"}],"wp:term":[{"taxonomy":"product_brand","embeddable":true,"href":"https:\/\/www.3p-gmbh.de\/es\/wp-json\/wp\/v2\/product_brand?post=93209"},{"taxonomy":"product_cat","embeddable":true,"href":"https:\/\/www.3p-gmbh.de\/es\/wp-json\/wp\/v2\/product_cat?post=93209"},{"taxonomy":"product_tag","embeddable":true,"href":"https:\/\/www.3p-gmbh.de\/es\/wp-json\/wp\/v2\/product_tag?post=93209"}],"curies":[{"name":"wp","href":"https:\/\/api.w.org\/{rel}","templated":true}]}}