{"id":93201,"date":"2019-07-11T13:54:09","date_gmt":"2019-07-11T13:54:09","guid":{"rendered":"https:\/\/www.3p-gmbh.de\/produkt\/esko-dpx-4-filmadora-de-planchas-de-poliester\/"},"modified":"2019-07-11T13:54:09","modified_gmt":"2019-07-11T13:54:09","slug":"filmadora-de-planchas-de-poliester","status":"publish","type":"product","link":"https:\/\/www.3p-gmbh.de\/es\/produkt\/filmadora-de-planchas-de-poliester\/","title":{"rendered":"Esko DPX-4 filmadora de planchas de poli\u00e9ster"},"content":{"rendered":"<ul>\n<li>Sistema: CTP de tambor interno, totalmente autom\u00e1tico<\/li>\n<li>Velocidad: 27 planchas\/hora a 2.540 ppp<\/li>\n<li>Planchas de impresi\u00f3n: planchas de poli\u00e9ster Mitsubishi Silver Digiplate<\/li>\n<li>Formato del panel: m\u00e1x. 680 x 750 mm<\/li>\n<li>Formato de exposici\u00f3n: m\u00e1x. 654 x 747 mm<\/li>\n<li>Punz\u00f3n integrado Bacher 2000, 425 mm<\/li>\n<li>L\u00e1ser: diodo l\u00e1ser de luz roja, 670 nm<\/li>\n<li>Tama\u00f1o de punto: 10 &#8211; 26 \u00b5m<\/li>\n<li>Resoluci\u00f3n: 1.200 &#8211; 3.000 ppp<\/li>\n<li>Repetibilidad: 0,0075 mm de imagen de impresi\u00f3n a imagen de impresi\u00f3n<\/li>\n<li>Unidad de desarrollo: desarrollo integrado de 2 ba\u00f1os<\/li>\n<li>Secadora: integrada<\/li>\n<li>Cajas de material: 2<\/li>\n<li>Software RIP: RipMate, basado en Harlequin Genesis Release<\/li>\n<li>Pu\u00f1etazo: pu\u00f1etazo en la cabeza y\/o lateral<\/li>\n<\/ul>\n","protected":false},"excerpt":{"rendered":"<p>Sistema: CTP de tambor interno, totalmente autom\u00e1tico Velocidad: 27 planchas\/hora a 2.540 ppp Planchas de impresi\u00f3n: planchas de poli\u00e9ster Mitsubishi Silver Digiplate Formato del panel: m\u00e1x. 680 x 750 mm Formato de exposici\u00f3n: m\u00e1x. 654 x 747 mm Punz\u00f3n integrado Bacher 2000, 425 mm L\u00e1ser: diodo l\u00e1ser de luz roja, 670 nm Tama\u00f1o de punto: [&hellip;]<\/p>\n","protected":false},"featured_media":71338,"template":"","meta":[],"product_brand":[],"product_cat":[2870],"product_tag":[],"class_list":{"0":"post-93201","1":"product","2":"type-product","3":"status-publish","4":"has-post-thumbnail","6":"product_cat-sistemas-de-ordenador-a-placa","7":"pa_baujahr-198","8":"pa_hersteller-mitsubishi-esko","9":"pa_typ-dpx-4","11":"first","12":"instock","13":"sold-individually","14":"taxable","15":"shipping-taxable","16":"purchasable","17":"product-type-simple"},"jetpack_sharing_enabled":true,"_links":{"self":[{"href":"https:\/\/www.3p-gmbh.de\/es\/wp-json\/wp\/v2\/product\/93201","targetHints":{"allow":["GET"]}}],"collection":[{"href":"https:\/\/www.3p-gmbh.de\/es\/wp-json\/wp\/v2\/product"}],"about":[{"href":"https:\/\/www.3p-gmbh.de\/es\/wp-json\/wp\/v2\/types\/product"}],"wp:featuredmedia":[{"embeddable":true,"href":"https:\/\/www.3p-gmbh.de\/es\/wp-json\/wp\/v2\/media\/71338"}],"wp:attachment":[{"href":"https:\/\/www.3p-gmbh.de\/es\/wp-json\/wp\/v2\/media?parent=93201"}],"wp:term":[{"taxonomy":"product_brand","embeddable":true,"href":"https:\/\/www.3p-gmbh.de\/es\/wp-json\/wp\/v2\/product_brand?post=93201"},{"taxonomy":"product_cat","embeddable":true,"href":"https:\/\/www.3p-gmbh.de\/es\/wp-json\/wp\/v2\/product_cat?post=93201"},{"taxonomy":"product_tag","embeddable":true,"href":"https:\/\/www.3p-gmbh.de\/es\/wp-json\/wp\/v2\/product_tag?post=93201"}],"curies":[{"name":"wp","href":"https:\/\/api.w.org\/{rel}","templated":true}]}}