{"id":93193,"date":"2019-07-11T13:54:09","date_gmt":"2019-07-11T13:54:09","guid":{"rendered":"https:\/\/www.3p-gmbh.de\/produkt\/flujo-de-trabajo-de-fuji-celebrant-suite-v6\/"},"modified":"2019-07-11T13:54:09","modified_gmt":"2019-07-11T13:54:09","slug":"zelebrant-suite-workflow","status":"publish","type":"product","link":"https:\/\/www.3p-gmbh.de\/es\/produkt\/zelebrant-suite-workflow\/","title":{"rendered":"Flujo de trabajo de Fuji Celebrant Suite V6"},"content":{"rendered":"<p>RipManager versi\u00f3n 6.1.3 con las siguientes licencias:<\/p>\n<ul>\n<li>Opci\u00f3n de comprobador gen\u00e9rico de baja resoluci\u00f3n<\/li>\n<li>Opci\u00f3n de exportaci\u00f3n a Tiff de baja resoluci\u00f3n<\/li>\n<li>M\u00f3dulo de exportaci\u00f3n Tiff<\/li>\n<li>Imposici\u00f3n<\/li>\n<li>Motor de clase B<\/li>\n<li>Base PS Rip<\/li>\n<li>HR (&gt;1200 dpi) Contone output<\/li>\n<li>Salida apantallada HR (&gt;1200 dpi)<\/li>\n<li>InRip Trapping para Rip<\/li>\n<li>LR (&lt;1200 dpi) Salida de contono<\/li>\n<li>Configuraci\u00f3n Multi-PC<\/li>\n<li>Posdata Nivel III<\/li>\n<li>Descremadora<\/li>\n<li>M\u00f3dulo de fusi\u00f3n y cribado<\/li>\n<li>Conversaci\u00f3n TIFF\/IT<\/li>\n<li>Imprimaci\u00f3n<\/li>\n<li>Clase Inkjet Proofer<\/li>\n<\/ul>\n","protected":false},"excerpt":{"rendered":"<p>RipManager versi\u00f3n 6.1.3 con las siguientes licencias: Opci\u00f3n de comprobador gen\u00e9rico de baja resoluci\u00f3n Opci\u00f3n de exportaci\u00f3n a Tiff de baja resoluci\u00f3n M\u00f3dulo de exportaci\u00f3n Tiff Imposici\u00f3n Motor de clase B Base PS Rip HR (&gt;1200 dpi) Contone output Salida apantallada HR (&gt;1200 dpi) InRip Trapping para Rip LR (&lt;1200 dpi) Salida de contono Configuraci\u00f3n [&hellip;]<\/p>\n","protected":false},"featured_media":65218,"template":"","meta":[],"product_brand":[],"product_cat":[3008],"product_tag":[],"class_list":{"0":"post-93193","1":"product","2":"type-product","3":"status-publish","4":"has-post-thumbnail","6":"product_cat-software-de-preimpresion","7":"pa_baujahr-205","8":"pa_hersteller-fuji","9":"pa_typ-celebrant-suite","11":"first","12":"instock","13":"sold-individually","14":"taxable","15":"shipping-taxable","16":"purchasable","17":"product-type-simple"},"jetpack_sharing_enabled":true,"_links":{"self":[{"href":"https:\/\/www.3p-gmbh.de\/es\/wp-json\/wp\/v2\/product\/93193","targetHints":{"allow":["GET"]}}],"collection":[{"href":"https:\/\/www.3p-gmbh.de\/es\/wp-json\/wp\/v2\/product"}],"about":[{"href":"https:\/\/www.3p-gmbh.de\/es\/wp-json\/wp\/v2\/types\/product"}],"wp:featuredmedia":[{"embeddable":true,"href":"https:\/\/www.3p-gmbh.de\/es\/wp-json\/wp\/v2\/media\/65218"}],"wp:attachment":[{"href":"https:\/\/www.3p-gmbh.de\/es\/wp-json\/wp\/v2\/media?parent=93193"}],"wp:term":[{"taxonomy":"product_brand","embeddable":true,"href":"https:\/\/www.3p-gmbh.de\/es\/wp-json\/wp\/v2\/product_brand?post=93193"},{"taxonomy":"product_cat","embeddable":true,"href":"https:\/\/www.3p-gmbh.de\/es\/wp-json\/wp\/v2\/product_cat?post=93193"},{"taxonomy":"product_tag","embeddable":true,"href":"https:\/\/www.3p-gmbh.de\/es\/wp-json\/wp\/v2\/product_tag?post=93193"}],"curies":[{"name":"wp","href":"https:\/\/api.w.org\/{rel}","templated":true}]}}