{"id":93169,"date":"2019-07-11T13:53:23","date_gmt":"2019-07-11T13:53:23","guid":{"rendered":"https:\/\/www.3p-gmbh.de\/produkt\/unidad-de-impresion-numeracion-heidelberg-sm-52\/"},"modified":"2019-07-11T13:53:23","modified_gmt":"2019-07-11T13:53:23","slug":"numeracion-de-impresion-sm-52","status":"publish","type":"product","link":"https:\/\/www.3p-gmbh.de\/es\/produkt\/numeracion-de-impresion-sm-52\/","title":{"rendered":"Unidad de impresi\u00f3n\/numeraci\u00f3n Heidelberg SM 52"},"content":{"rendered":"<p>Unidad de impresi\u00f3n para numeraci\u00f3n para versiones Heidelberg Speedmaster SM 52 Plus, compuesta por:<\/p>\n<ul>\n<li>1 caja de pintura con rodillos<\/li>\n<li>1 Eje numerador<\/li>\n<li>2 anillos de asiento<\/li>\n<li>4 unidades de numeraci\u00f3n a elegir (contando hacia delante o hacia atr\u00e1s, de pie a lo largo o en cruz)<\/li>\n<li>1 Medidor de distancia<\/li>\n<li>2 Portaclich\u00e9s<\/li>\n<li>1 Brazo conmutador simple<\/li>\n<li>1 Brazo conmutador doble<\/li>\n<li>Varias placas de gu\u00eda<\/li>\n<\/ul>\n","protected":false},"excerpt":{"rendered":"<p>Unidad de impresi\u00f3n para numeraci\u00f3n para versiones Heidelberg Speedmaster SM 52 Plus, compuesta por: 1 caja de pintura con rodillos 1 Eje numerador 2 anillos de asiento 4 unidades de numeraci\u00f3n a elegir (contando hacia delante o hacia atr\u00e1s, de pie a lo largo o en cruz) 1 Medidor de distancia 2 Portaclich\u00e9s 1 Brazo [&hellip;]<\/p>\n","protected":false},"featured_media":64597,"template":"","meta":[],"product_brand":[],"product_cat":[2899],"product_tag":[],"class_list":{"0":"post-93169","1":"product","2":"type-product","3":"status-publish","4":"has-post-thumbnail","6":"product_cat-accesorios-y-piezas-de-recambio-para-prensas","7":"pa_baujahr-198","8":"pa_hersteller-heidelberg","9":"pa_typ-leibinger","11":"first","12":"instock","13":"sold-individually","14":"taxable","15":"shipping-taxable","16":"purchasable","17":"product-type-simple"},"jetpack_sharing_enabled":true,"_links":{"self":[{"href":"https:\/\/www.3p-gmbh.de\/es\/wp-json\/wp\/v2\/product\/93169","targetHints":{"allow":["GET"]}}],"collection":[{"href":"https:\/\/www.3p-gmbh.de\/es\/wp-json\/wp\/v2\/product"}],"about":[{"href":"https:\/\/www.3p-gmbh.de\/es\/wp-json\/wp\/v2\/types\/product"}],"wp:featuredmedia":[{"embeddable":true,"href":"https:\/\/www.3p-gmbh.de\/es\/wp-json\/wp\/v2\/media\/64597"}],"wp:attachment":[{"href":"https:\/\/www.3p-gmbh.de\/es\/wp-json\/wp\/v2\/media?parent=93169"}],"wp:term":[{"taxonomy":"product_brand","embeddable":true,"href":"https:\/\/www.3p-gmbh.de\/es\/wp-json\/wp\/v2\/product_brand?post=93169"},{"taxonomy":"product_cat","embeddable":true,"href":"https:\/\/www.3p-gmbh.de\/es\/wp-json\/wp\/v2\/product_cat?post=93169"},{"taxonomy":"product_tag","embeddable":true,"href":"https:\/\/www.3p-gmbh.de\/es\/wp-json\/wp\/v2\/product_tag?post=93169"}],"curies":[{"name":"wp","href":"https:\/\/api.w.org\/{rel}","templated":true}]}}