{"id":93168,"date":"2019-07-11T13:53:23","date_gmt":"2019-07-11T13:53:23","guid":{"rendered":"https:\/\/www.3p-gmbh.de\/produkt\/armario-de-cajones-megastahl-modelo-vii\/"},"modified":"2019-07-11T13:53:23","modified_gmt":"2019-07-11T13:53:23","slug":"mueble-de-cajones","status":"publish","type":"product","link":"https:\/\/www.3p-gmbh.de\/es\/produkt\/mueble-de-cajones\/","title":{"rendered":"Armario de cajones Megastahl Modelo VII"},"content":{"rendered":"<ul>\n<li>Construcci\u00f3n robusta y probada de acero con cajones adecuados al formato<\/li>\n<li>Gu\u00edas de rodamientos de bolas de gran capacidad de carga<\/li>\n<li>9 cajones de aprox. 8 cm de altura cada uno con dimensiones \u00fatiles de aprox. 1200 x 1650 mm<\/li>\n<\/ul>\n","protected":false},"excerpt":{"rendered":"<p>Construcci\u00f3n robusta y probada de acero con cajones adecuados al formato Gu\u00edas de rodamientos de bolas de gran capacidad de carga 9 cajones de aprox. 8 cm de altura cada uno con dimensiones \u00fatiles de aprox. 1200 x 1650 mm<\/p>\n","protected":false},"featured_media":64594,"template":"","meta":[],"product_brand":[],"product_cat":[2926],"product_tag":[],"class_list":{"0":"post-93168","1":"product","2":"type-product","3":"status-publish","4":"has-post-thumbnail","6":"product_cat-tecnologia-de-almacenamiento","7":"pa_baujahr-127","8":"pa_hersteller-mega-stahl","9":"pa_typ-modell-vii","11":"first","12":"instock","13":"sold-individually","14":"taxable","15":"shipping-taxable","16":"purchasable","17":"product-type-simple"},"jetpack_sharing_enabled":true,"_links":{"self":[{"href":"https:\/\/www.3p-gmbh.de\/es\/wp-json\/wp\/v2\/product\/93168","targetHints":{"allow":["GET"]}}],"collection":[{"href":"https:\/\/www.3p-gmbh.de\/es\/wp-json\/wp\/v2\/product"}],"about":[{"href":"https:\/\/www.3p-gmbh.de\/es\/wp-json\/wp\/v2\/types\/product"}],"wp:featuredmedia":[{"embeddable":true,"href":"https:\/\/www.3p-gmbh.de\/es\/wp-json\/wp\/v2\/media\/64594"}],"wp:attachment":[{"href":"https:\/\/www.3p-gmbh.de\/es\/wp-json\/wp\/v2\/media?parent=93168"}],"wp:term":[{"taxonomy":"product_brand","embeddable":true,"href":"https:\/\/www.3p-gmbh.de\/es\/wp-json\/wp\/v2\/product_brand?post=93168"},{"taxonomy":"product_cat","embeddable":true,"href":"https:\/\/www.3p-gmbh.de\/es\/wp-json\/wp\/v2\/product_cat?post=93168"},{"taxonomy":"product_tag","embeddable":true,"href":"https:\/\/www.3p-gmbh.de\/es\/wp-json\/wp\/v2\/product_tag?post=93168"}],"curies":[{"name":"wp","href":"https:\/\/api.w.org\/{rel}","templated":true}]}}