{"id":93153,"date":"2019-07-11T13:53:31","date_gmt":"2019-07-11T13:53:31","guid":{"rendered":"https:\/\/www.3p-gmbh.de\/produkt\/hachuela-pb-s-40-placa-de-presion-plegable\/"},"modified":"2019-07-11T13:53:31","modified_gmt":"2019-07-11T13:53:31","slug":"doblador-de-platos-de-presion","status":"publish","type":"product","link":"https:\/\/www.3p-gmbh.de\/es\/produkt\/doblador-de-platos-de-presion\/","title":{"rendered":"Hachuela PB S 40 Placa de presi\u00f3n plegable"},"content":{"rendered":"<ul>\n<li>Modelo de suelo<\/li>\n<li>Ancho de plancha de impresi\u00f3n de hasta 1055 mm<\/li>\n<li>Versi\u00f3n de mesa inclinada<\/li>\n<li>Desbloqueo manual mediante palanca<\/li>\n<li>Altura de trabajo ergon\u00f3mica<\/li>\n<li>Geometr\u00eda de plegado para prensas Komori Lithrone<\/li>\n<li>Extracci\u00f3n de la placa de impresi\u00f3n a trav\u00e9s de la ranura de extracci\u00f3n<\/li>\n<li>Fijaci\u00f3n de la plancha de impresi\u00f3n mediante barras de sujeci\u00f3n recubiertas de goma<\/li>\n<li>Construcci\u00f3n robusta de calidad para una mayor durabilidad<\/li>\n<li>Las piezas del producto est\u00e1n fabricadas con materiales de alta calidad<\/li>\n<\/ul>\n","protected":false},"excerpt":{"rendered":"<p>Modelo de suelo Ancho de plancha de impresi\u00f3n de hasta 1055 mm Versi\u00f3n de mesa inclinada Desbloqueo manual mediante palanca Altura de trabajo ergon\u00f3mica Geometr\u00eda de plegado para prensas Komori Lithrone Extracci\u00f3n de la placa de impresi\u00f3n a trav\u00e9s de la ranura de extracci\u00f3n Fijaci\u00f3n de la plancha de impresi\u00f3n mediante barras de sujeci\u00f3n recubiertas [&hellip;]<\/p>\n","protected":false},"featured_media":64657,"template":"","meta":[],"product_brand":[],"product_cat":[2899],"product_tag":[],"class_list":{"0":"post-93153","1":"product","2":"type-product","3":"status-publish","4":"has-post-thumbnail","6":"product_cat-accesorios-y-piezas-de-recambio-para-prensas","7":"pa_baujahr-205","8":"pa_hersteller-beil-komori-lithrone","9":"pa_typ-pb-s40-hbm","11":"first","12":"instock","13":"sold-individually","14":"taxable","15":"shipping-taxable","16":"purchasable","17":"product-type-simple"},"jetpack_sharing_enabled":true,"_links":{"self":[{"href":"https:\/\/www.3p-gmbh.de\/es\/wp-json\/wp\/v2\/product\/93153","targetHints":{"allow":["GET"]}}],"collection":[{"href":"https:\/\/www.3p-gmbh.de\/es\/wp-json\/wp\/v2\/product"}],"about":[{"href":"https:\/\/www.3p-gmbh.de\/es\/wp-json\/wp\/v2\/types\/product"}],"wp:featuredmedia":[{"embeddable":true,"href":"https:\/\/www.3p-gmbh.de\/es\/wp-json\/wp\/v2\/media\/64657"}],"wp:attachment":[{"href":"https:\/\/www.3p-gmbh.de\/es\/wp-json\/wp\/v2\/media?parent=93153"}],"wp:term":[{"taxonomy":"product_brand","embeddable":true,"href":"https:\/\/www.3p-gmbh.de\/es\/wp-json\/wp\/v2\/product_brand?post=93153"},{"taxonomy":"product_cat","embeddable":true,"href":"https:\/\/www.3p-gmbh.de\/es\/wp-json\/wp\/v2\/product_cat?post=93153"},{"taxonomy":"product_tag","embeddable":true,"href":"https:\/\/www.3p-gmbh.de\/es\/wp-json\/wp\/v2\/product_tag?post=93153"}],"curies":[{"name":"wp","href":"https:\/\/api.w.org\/{rel}","templated":true}]}}