{"id":93135,"date":"2019-07-11T13:53:31","date_gmt":"2019-07-11T13:53:31","guid":{"rendered":"https:\/\/www.3p-gmbh.de\/produkt\/foellmer-duplicadora-insertadora-de-tiras\/"},"modified":"2019-07-11T13:53:31","modified_gmt":"2019-07-11T13:53:31","slug":"juego-de-impregnacion-de-rayas-3","status":"publish","type":"product","link":"https:\/\/www.3p-gmbh.de\/es\/produkt\/juego-de-impregnacion-de-rayas-3\/","title":{"rendered":"Foellmer Duplicadora Insertadora de tiras"},"content":{"rendered":"<p>La Foellmer Duplicator DigiTab 2010 Plus (impresi\u00f3n &#8211; recuento &#8211; marcado = 1 operaci\u00f3n) dispone de un manejo guiado por men\u00fa mediante pantalla t\u00e1ctil en la parte posterior de la carcasa. En la mayor\u00eda de las m\u00e1quinas, el soporte m\u00f3vil y regulable en altura se fija al lateral de la salida. Se puede configurar cualquier n\u00famero entre 5 y 99999 para la inserci\u00f3n de la tira contadora. Regulaci\u00f3n continua de la longitud de la tira 20-200 mm y tiempo de mantenimiento aprox.0 -10 seg. de la tira contadora es posible. El Suptramat permite restar del n\u00famero total las hojas de control y de desecho tomadas por el impresor de la producci\u00f3n en curso y, al mismo tiempo, corregir en consecuencia el tama\u00f1o del fajo marcado por tiras. El contador total registra la circulaci\u00f3n total de las hojas buenas ajustadas con el Suptramat.<br \/>\nPara conectar el DigiTab, necesita una caja de conexiones universal para una interfaz sin potencial o con impulsos de 24 V (reloj) directamente desde la m\u00e1quina o desde un sensor.<\/p>\n","protected":false},"excerpt":{"rendered":"<p>La Foellmer Duplicator DigiTab 2010 Plus (impresi\u00f3n &#8211; recuento &#8211; marcado = 1 operaci\u00f3n) dispone de un manejo guiado por men\u00fa mediante pantalla t\u00e1ctil en la parte posterior de la carcasa. En la mayor\u00eda de las m\u00e1quinas, el soporte m\u00f3vil y regulable en altura se fija al lateral de la salida. Se puede configurar cualquier [&hellip;]<\/p>\n","protected":false},"featured_media":64672,"template":"","meta":[],"product_brand":[],"product_cat":[3005],"product_tag":[],"class_list":{"0":"post-93135","1":"product","2":"type-product","3":"status-publish","4":"has-post-thumbnail","6":"product_cat-maquinas-contadoras-de-papel","7":"pa_baujahr-205","8":"pa_hersteller-josef-foellmer","9":"pa_typ-duplikator-digitab-2010-plus","11":"first","12":"instock","13":"sold-individually","14":"taxable","15":"shipping-taxable","16":"purchasable","17":"product-type-simple"},"jetpack_sharing_enabled":true,"_links":{"self":[{"href":"https:\/\/www.3p-gmbh.de\/es\/wp-json\/wp\/v2\/product\/93135","targetHints":{"allow":["GET"]}}],"collection":[{"href":"https:\/\/www.3p-gmbh.de\/es\/wp-json\/wp\/v2\/product"}],"about":[{"href":"https:\/\/www.3p-gmbh.de\/es\/wp-json\/wp\/v2\/types\/product"}],"wp:featuredmedia":[{"embeddable":true,"href":"https:\/\/www.3p-gmbh.de\/es\/wp-json\/wp\/v2\/media\/64672"}],"wp:attachment":[{"href":"https:\/\/www.3p-gmbh.de\/es\/wp-json\/wp\/v2\/media?parent=93135"}],"wp:term":[{"taxonomy":"product_brand","embeddable":true,"href":"https:\/\/www.3p-gmbh.de\/es\/wp-json\/wp\/v2\/product_brand?post=93135"},{"taxonomy":"product_cat","embeddable":true,"href":"https:\/\/www.3p-gmbh.de\/es\/wp-json\/wp\/v2\/product_cat?post=93135"},{"taxonomy":"product_tag","embeddable":true,"href":"https:\/\/www.3p-gmbh.de\/es\/wp-json\/wp\/v2\/product_tag?post=93135"}],"curies":[{"name":"wp","href":"https:\/\/api.w.org\/{rel}","templated":true}]}}