{"id":93129,"date":"2019-07-11T13:53:31","date_gmt":"2019-07-11T13:53:31","guid":{"rendered":"https:\/\/www.3p-gmbh.de\/produkt\/brillometro-byk-gardner\/"},"modified":"2019-07-11T13:53:31","modified_gmt":"2019-07-11T13:53:31","slug":"dispositivo-de-medicion-para-determinar-el-brillo","status":"publish","type":"product","link":"https:\/\/www.3p-gmbh.de\/es\/produkt\/dispositivo-de-medicion-para-determinar-el-brillo\/","title":{"rendered":"Brill\u00f3metro BYK-Gardner"},"content":{"rendered":"<p>Brillo de laca o metal: \u00a1no hay problema! El microbrillo mide sobre cualquier material, ya sea pintura, pl\u00e1stico o metal altamente reflectante. Su ampliaci\u00f3n autom\u00e1tica de la gama hasta 2000 unidades de brillo proporciona siempre valores de brillo fiables y conformes a las normas, los resultados son siempre exactos. La fuente de luz LED estable a largo plazo del brill\u00f3metro no s\u00f3lo garantiza una excelente repetibilidad durante muchos a\u00f1os, sino que adem\u00e1s nunca se quemar\u00e1.<\/p>\n","protected":false},"excerpt":{"rendered":"<p>Brillo de laca o metal: \u00a1no hay problema! El microbrillo mide sobre cualquier material, ya sea pintura, pl\u00e1stico o metal altamente reflectante. Su ampliaci\u00f3n autom\u00e1tica de la gama hasta 2000 unidades de brillo proporciona siempre valores de brillo fiables y conformes a las normas, los resultados son siempre exactos. La fuente de luz LED estable [&hellip;]<\/p>\n","protected":false},"featured_media":64684,"template":"","meta":[],"product_brand":[],"product_cat":[2933],"product_tag":[],"class_list":{"0":"post-93129","1":"product","2":"type-product","3":"status-publish","4":"has-post-thumbnail","6":"product_cat-instrumentos-de-medida-y-control-de-calidad","7":"pa_baujahr-305","8":"pa_hersteller-byk-gardner","9":"pa_typ-micro-gloss-60","11":"first","12":"instock","13":"sold-individually","14":"taxable","15":"shipping-taxable","16":"purchasable","17":"product-type-simple"},"jetpack_sharing_enabled":true,"_links":{"self":[{"href":"https:\/\/www.3p-gmbh.de\/es\/wp-json\/wp\/v2\/product\/93129","targetHints":{"allow":["GET"]}}],"collection":[{"href":"https:\/\/www.3p-gmbh.de\/es\/wp-json\/wp\/v2\/product"}],"about":[{"href":"https:\/\/www.3p-gmbh.de\/es\/wp-json\/wp\/v2\/types\/product"}],"wp:featuredmedia":[{"embeddable":true,"href":"https:\/\/www.3p-gmbh.de\/es\/wp-json\/wp\/v2\/media\/64684"}],"wp:attachment":[{"href":"https:\/\/www.3p-gmbh.de\/es\/wp-json\/wp\/v2\/media?parent=93129"}],"wp:term":[{"taxonomy":"product_brand","embeddable":true,"href":"https:\/\/www.3p-gmbh.de\/es\/wp-json\/wp\/v2\/product_brand?post=93129"},{"taxonomy":"product_cat","embeddable":true,"href":"https:\/\/www.3p-gmbh.de\/es\/wp-json\/wp\/v2\/product_cat?post=93129"},{"taxonomy":"product_tag","embeddable":true,"href":"https:\/\/www.3p-gmbh.de\/es\/wp-json\/wp\/v2\/product_tag?post=93129"}],"curies":[{"name":"wp","href":"https:\/\/api.w.org\/{rel}","templated":true}]}}