{"id":93113,"date":"2019-07-11T13:53:31","date_gmt":"2019-07-11T13:53:31","guid":{"rendered":"https:\/\/www.3p-gmbh.de\/produkt\/interfaz-de-preimpresion-heidelberg-prinect\/"},"modified":"2019-07-11T13:53:31","modified_gmt":"2019-07-11T13:53:31","slug":"prinect-prepress-interface","status":"publish","type":"product","link":"https:\/\/www.3p-gmbh.de\/es\/produkt\/prinect-prepress-interface\/","title":{"rendered":"Interfaz de preimpresi\u00f3n Heidelberg Prinect"},"content":{"rendered":"<ul>\n<li>Heidelberg Prinect Prepress Interface 3.2 para SM 102<\/li>\n<li>Preajuste de la zona de tinta (Cip 3) Salida para prensas Heidelberg<\/li>\n<li>Versi\u00f3n completa con unidad de tarjeta flash Omnidrive para la transferencia de datos sin conexi\u00f3n<\/li>\n<\/ul>\n<p>La transferencia directa de los par\u00e1metros relevantes para la impresi\u00f3n desde la preimpresi\u00f3n hace que todo el proceso de ajuste en la rotativa sea m\u00e1s r\u00e1pido y fiable, con una reducci\u00f3n significativa de la maculatura. Adem\u00e1s, Prinect Prepress Interface ayuda al flujo de trabajo de color y al acabado de la impresi\u00f3n mediante la transferencia de marcas de posici\u00f3n para la medici\u00f3n del color, el corte, el plegado y el grapado en caballete. Esto simplifica considerablemente los procedimientos de ajuste para el operador.<\/p>\n","protected":false},"excerpt":{"rendered":"<p>Heidelberg Prinect Prepress Interface 3.2 para SM 102 Preajuste de la zona de tinta (Cip 3) Salida para prensas Heidelberg Versi\u00f3n completa con unidad de tarjeta flash Omnidrive para la transferencia de datos sin conexi\u00f3n La transferencia directa de los par\u00e1metros relevantes para la impresi\u00f3n desde la preimpresi\u00f3n hace que todo el proceso de ajuste [&hellip;]<\/p>\n","protected":false},"featured_media":64708,"template":"","meta":[],"product_brand":[],"product_cat":[3008],"product_tag":[],"class_list":{"0":"post-93113","1":"product","2":"type-product","3":"status-publish","4":"has-post-thumbnail","6":"product_cat-software-de-preimpresion","7":"pa_baujahr-153","8":"pa_hersteller-heidelberger-druckmaschinen","9":"pa_typ-prepress-interface-3-2","11":"first","12":"instock","13":"sold-individually","14":"taxable","15":"shipping-taxable","16":"purchasable","17":"product-type-simple"},"jetpack_sharing_enabled":true,"_links":{"self":[{"href":"https:\/\/www.3p-gmbh.de\/es\/wp-json\/wp\/v2\/product\/93113","targetHints":{"allow":["GET"]}}],"collection":[{"href":"https:\/\/www.3p-gmbh.de\/es\/wp-json\/wp\/v2\/product"}],"about":[{"href":"https:\/\/www.3p-gmbh.de\/es\/wp-json\/wp\/v2\/types\/product"}],"wp:featuredmedia":[{"embeddable":true,"href":"https:\/\/www.3p-gmbh.de\/es\/wp-json\/wp\/v2\/media\/64708"}],"wp:attachment":[{"href":"https:\/\/www.3p-gmbh.de\/es\/wp-json\/wp\/v2\/media?parent=93113"}],"wp:term":[{"taxonomy":"product_brand","embeddable":true,"href":"https:\/\/www.3p-gmbh.de\/es\/wp-json\/wp\/v2\/product_brand?post=93113"},{"taxonomy":"product_cat","embeddable":true,"href":"https:\/\/www.3p-gmbh.de\/es\/wp-json\/wp\/v2\/product_cat?post=93113"},{"taxonomy":"product_tag","embeddable":true,"href":"https:\/\/www.3p-gmbh.de\/es\/wp-json\/wp\/v2\/product_tag?post=93113"}],"curies":[{"name":"wp","href":"https:\/\/api.w.org\/{rel}","templated":true}]}}