{"id":93108,"date":"2019-07-11T13:53:31","date_gmt":"2019-07-11T13:53:31","guid":{"rendered":"https:\/\/www.3p-gmbh.de\/produkt\/espectrofotometro-gretag-macbeth-spectroeye\/"},"modified":"2019-07-11T13:53:31","modified_gmt":"2019-07-11T13:53:31","slug":"espectrofotometro","status":"publish","type":"product","link":"https:\/\/www.3p-gmbh.de\/es\/produkt\/espectrofotometro\/","title":{"rendered":"Espectrofot\u00f3metro Gretag-Macbeth SpectroEye"},"content":{"rendered":"<ul>\n<li>Espectrofot\u00f3metro y densit\u00f3metro port\u00e1til para medir la reflectancia<\/li>\n<li>Manejo extremadamente sencillo gracias a la llave esf\u00e9rica y a la gu\u00eda gr\u00e1fica del usuario<\/li>\n<li>Visualizaci\u00f3n clara de los valores medidos<\/li>\n<li>Medici\u00f3n independiente de la direcci\u00f3n mediante \u00f3ptica anular<\/li>\n<\/ul>\n<p>Funciones:<\/p>\n<ul>\n<li>\n<\/li>\n<\/ul>\n","protected":false},"excerpt":{"rendered":"<p>Espectrofot\u00f3metro y densit\u00f3metro port\u00e1til para medir la reflectancia Manejo extremadamente sencillo gracias a la llave esf\u00e9rica y a la gu\u00eda gr\u00e1fica del usuario Visualizaci\u00f3n clara de los valores medidos Medici\u00f3n independiente de la direcci\u00f3n mediante \u00f3ptica anular Funciones:<\/p>\n","protected":false},"featured_media":124793,"template":"","meta":[],"product_brand":[],"product_cat":[2933],"product_tag":[],"class_list":{"0":"post-93108","1":"product","2":"type-product","3":"status-publish","4":"has-post-thumbnail","6":"product_cat-instrumentos-de-medida-y-control-de-calidad","7":"pa_hersteller-x-rite-gretag-macbeth","8":"pa_typ-spectroeye","10":"first","11":"instock","12":"sold-individually","13":"taxable","14":"shipping-taxable","15":"purchasable","16":"product-type-simple"},"jetpack_sharing_enabled":true,"_links":{"self":[{"href":"https:\/\/www.3p-gmbh.de\/es\/wp-json\/wp\/v2\/product\/93108","targetHints":{"allow":["GET"]}}],"collection":[{"href":"https:\/\/www.3p-gmbh.de\/es\/wp-json\/wp\/v2\/product"}],"about":[{"href":"https:\/\/www.3p-gmbh.de\/es\/wp-json\/wp\/v2\/types\/product"}],"wp:featuredmedia":[{"embeddable":true,"href":"https:\/\/www.3p-gmbh.de\/es\/wp-json\/wp\/v2\/media\/124793"}],"wp:attachment":[{"href":"https:\/\/www.3p-gmbh.de\/es\/wp-json\/wp\/v2\/media?parent=93108"}],"wp:term":[{"taxonomy":"product_brand","embeddable":true,"href":"https:\/\/www.3p-gmbh.de\/es\/wp-json\/wp\/v2\/product_brand?post=93108"},{"taxonomy":"product_cat","embeddable":true,"href":"https:\/\/www.3p-gmbh.de\/es\/wp-json\/wp\/v2\/product_cat?post=93108"},{"taxonomy":"product_tag","embeddable":true,"href":"https:\/\/www.3p-gmbh.de\/es\/wp-json\/wp\/v2\/product_tag?post=93108"}],"curies":[{"name":"wp","href":"https:\/\/api.w.org\/{rel}","templated":true}]}}