{"id":93098,"date":"2019-07-11T13:53:45","date_gmt":"2019-07-11T13:53:45","guid":{"rendered":"https:\/\/www.3p-gmbh.de\/produkt\/fuji-pantalla-pt-r-4300-e-sistema-termico-automatico-ctp\/"},"modified":"2019-07-11T13:53:45","modified_gmt":"2019-07-11T13:53:45","slug":"automatico-termico-ctp","status":"publish","type":"product","link":"https:\/\/www.3p-gmbh.de\/es\/produkt\/automatico-termico-ctp\/","title":{"rendered":"Fuji \/ Pantalla PT-R 4300 E sistema t\u00e9rmico autom\u00e1tico CtP"},"content":{"rendered":"<ul>\n<li>Sistema CtP t\u00e9rmico autom\u00e1tico Fuji con Highwater Rip Versi\u00f3n 8<\/li>\n<li>Pantalla OEM PT-R 4300-E o Agfa Acento II E<\/li>\n<li>Puesta en servicio 2007<\/li>\n<li>s\u00f3lo 9835 Ciclos de bobinado de placas, tiempo de exposici\u00f3n 1231 h<\/li>\n<li>SAL Casete de carga de una placa para 50 placas sin papel intercalado<\/li>\n<li>16 diodos l\u00e1ser t\u00e9rmicos de 830 nm<\/li>\n<li>Resoluci\u00f3n 2400 dpi<\/li>\n<li>Producci\u00f3n aprox. 11 placas\/h<\/li>\n<li>punz\u00f3n incorporado HB 425mm (otros modelos de punz\u00f3n bajo pedido)<\/li>\n<li>min. Formato 324 x 370 mm<\/li>\n<li>m\u00e1x. Formato 830 x 660 mm<\/li>\n<li>Grosor del panel 0,15-0,30 mm<\/li>\n<li>Apilador de placas<\/li>\n<\/ul>\n","protected":false},"excerpt":{"rendered":"<p>Sistema CtP t\u00e9rmico autom\u00e1tico Fuji con Highwater Rip Versi\u00f3n 8 Pantalla OEM PT-R 4300-E o Agfa Acento II E Puesta en servicio 2007 s\u00f3lo 9835 Ciclos de bobinado de placas, tiempo de exposici\u00f3n 1231 h SAL Casete de carga de una placa para 50 placas sin papel intercalado 16 diodos l\u00e1ser t\u00e9rmicos de 830 nm [&hellip;]<\/p>\n","protected":false},"featured_media":64819,"template":"","meta":[],"product_brand":[],"product_cat":[2870],"product_tag":[],"class_list":{"0":"post-93098","1":"product","2":"type-product","3":"status-publish","4":"has-post-thumbnail","6":"product_cat-sistemas-de-ordenador-a-placa","7":"pa_baujahr-140","8":"pa_hersteller-fuji-screen-pt-r-4300-e","9":"pa_typ-t-6300-sal","11":"first","12":"instock","13":"sold-individually","14":"taxable","15":"shipping-taxable","16":"purchasable","17":"product-type-simple"},"jetpack_sharing_enabled":true,"_links":{"self":[{"href":"https:\/\/www.3p-gmbh.de\/es\/wp-json\/wp\/v2\/product\/93098","targetHints":{"allow":["GET"]}}],"collection":[{"href":"https:\/\/www.3p-gmbh.de\/es\/wp-json\/wp\/v2\/product"}],"about":[{"href":"https:\/\/www.3p-gmbh.de\/es\/wp-json\/wp\/v2\/types\/product"}],"wp:featuredmedia":[{"embeddable":true,"href":"https:\/\/www.3p-gmbh.de\/es\/wp-json\/wp\/v2\/media\/64819"}],"wp:attachment":[{"href":"https:\/\/www.3p-gmbh.de\/es\/wp-json\/wp\/v2\/media?parent=93098"}],"wp:term":[{"taxonomy":"product_brand","embeddable":true,"href":"https:\/\/www.3p-gmbh.de\/es\/wp-json\/wp\/v2\/product_brand?post=93098"},{"taxonomy":"product_cat","embeddable":true,"href":"https:\/\/www.3p-gmbh.de\/es\/wp-json\/wp\/v2\/product_cat?post=93098"},{"taxonomy":"product_tag","embeddable":true,"href":"https:\/\/www.3p-gmbh.de\/es\/wp-json\/wp\/v2\/product_tag?post=93098"}],"curies":[{"name":"wp","href":"https:\/\/api.w.org\/{rel}","templated":true}]}}