{"id":93073,"date":"2019-07-11T13:53:45","date_gmt":"2019-07-11T13:53:45","guid":{"rendered":"https:\/\/www.3p-gmbh.de\/produkt\/sistema-ctp-termico-creo-scitex-lotem-800-v\/"},"modified":"2019-07-11T13:53:45","modified_gmt":"2019-07-11T13:53:45","slug":"sistema-de-exposicion-ctp","status":"publish","type":"product","link":"https:\/\/www.3p-gmbh.de\/es\/produkt\/sistema-de-exposicion-ctp\/","title":{"rendered":"Sistema CtP t\u00e9rmico Creo\/Scitex Lotem 800 V"},"content":{"rendered":"<ul>\n<li>filmadora CtP de tambor externo totalmente autom\u00e1tica<\/li>\n<li>L\u00e1ser infrarrojo, 830 nm<\/li>\n<li>min. Formato del panel 400 x 510 mm<\/li>\n<li>m\u00e1x. Tama\u00f1o del panel 905 x 1130 mm<\/li>\n<li>Grosor del material 0,2-0,3 mm<\/li>\n<li>Velocidad de exposici\u00f3n aprox. 10 placas\/h a 100 l\/cm<\/li>\n<li>Resoluci\u00f3n continua de 1524 a 3556 ppp<\/li>\n<li>con 1 carro portaplanchas<\/li>\n<li>con punz\u00f3n de registro Bacher 2000 Autoplate (425 \/ 780 mm)<\/li>\n<li>con cinta transportadora para m\u00e1quina reveladora en l\u00ednea<\/li>\n<li>Estaci\u00f3n Kodak XPO<\/li>\n<li>Procesador de planchas Mercury 1250 con apilador<\/li>\n<\/ul>\n","protected":false},"excerpt":{"rendered":"<p>filmadora CtP de tambor externo totalmente autom\u00e1tica L\u00e1ser infrarrojo, 830 nm min. Formato del panel 400 x 510 mm m\u00e1x. Tama\u00f1o del panel 905 x 1130 mm Grosor del material 0,2-0,3 mm Velocidad de exposici\u00f3n aprox. 10 placas\/h a 100 l\/cm Resoluci\u00f3n continua de 1524 a 3556 ppp con 1 carro portaplanchas con punz\u00f3n de [&hellip;]<\/p>\n","protected":false},"featured_media":64831,"template":"","meta":[],"product_brand":[],"product_cat":[2870],"product_tag":[],"class_list":{"0":"post-93073","1":"product","2":"type-product","3":"status-publish","4":"has-post-thumbnail","6":"product_cat-sistemas-de-ordenador-a-placa","7":"pa_baujahr-182","8":"pa_hersteller-creo-scitex","9":"pa_typ-lotem-800-v","11":"first","12":"instock","13":"sold-individually","14":"taxable","15":"shipping-taxable","16":"purchasable","17":"product-type-simple"},"jetpack_sharing_enabled":true,"_links":{"self":[{"href":"https:\/\/www.3p-gmbh.de\/es\/wp-json\/wp\/v2\/product\/93073","targetHints":{"allow":["GET"]}}],"collection":[{"href":"https:\/\/www.3p-gmbh.de\/es\/wp-json\/wp\/v2\/product"}],"about":[{"href":"https:\/\/www.3p-gmbh.de\/es\/wp-json\/wp\/v2\/types\/product"}],"wp:featuredmedia":[{"embeddable":true,"href":"https:\/\/www.3p-gmbh.de\/es\/wp-json\/wp\/v2\/media\/64831"}],"wp:attachment":[{"href":"https:\/\/www.3p-gmbh.de\/es\/wp-json\/wp\/v2\/media?parent=93073"}],"wp:term":[{"taxonomy":"product_brand","embeddable":true,"href":"https:\/\/www.3p-gmbh.de\/es\/wp-json\/wp\/v2\/product_brand?post=93073"},{"taxonomy":"product_cat","embeddable":true,"href":"https:\/\/www.3p-gmbh.de\/es\/wp-json\/wp\/v2\/product_cat?post=93073"},{"taxonomy":"product_tag","embeddable":true,"href":"https:\/\/www.3p-gmbh.de\/es\/wp-json\/wp\/v2\/product_tag?post=93073"}],"curies":[{"name":"wp","href":"https:\/\/api.w.org\/{rel}","templated":true}]}}