{"id":93066,"date":"2019-07-11T13:53:45","date_gmt":"2019-07-11T13:53:45","guid":{"rendered":"https:\/\/www.3p-gmbh.de\/produkt\/filmadora-agfa-avantra-25-e\/"},"modified":"2019-07-11T13:53:45","modified_gmt":"2019-07-11T13:53:45","slug":"filmadora-4-paginas","status":"publish","type":"product","link":"https:\/\/www.3p-gmbh.de\/es\/produkt\/filmadora-4-paginas\/","title":{"rendered":"Filmadora Agfa Avantra 25 E"},"content":{"rendered":"<ul>\n<li>Filmadora de tambor interior con diodo l\u00e1ser de luz roja de 650 nm<\/li>\n<li>m\u00e1x. Formato de exposici\u00f3n 44,9 x 63,5 cm<\/li>\n<li>Resoluci\u00f3n 1200, 1800, 2400 dpi<\/li>\n<li>con Apogee Rip y la m\u00e1quina de desarrollo en l\u00ednea<\/li>\n<\/ul>\n","protected":false},"excerpt":{"rendered":"<p>Filmadora de tambor interior con diodo l\u00e1ser de luz roja de 650 nm m\u00e1x. Formato de exposici\u00f3n 44,9 x 63,5 cm Resoluci\u00f3n 1200, 1800, 2400 dpi con Apogee Rip y la m\u00e1quina de desarrollo en l\u00ednea<\/p>\n","protected":false},"featured_media":64834,"template":"","meta":[],"product_brand":[],"product_cat":[2938],"product_tag":[],"class_list":{"0":"post-93066","1":"product","2":"type-product","3":"status-publish","4":"has-post-thumbnail","6":"product_cat-filmadoras-y-sistemas-de-revelado-de-peliculas","7":"pa_baujahr-123","8":"pa_hersteller-agfa","9":"pa_typ-avantra-25-e","11":"first","12":"instock","13":"sold-individually","14":"taxable","15":"shipping-taxable","16":"purchasable","17":"product-type-simple"},"jetpack_sharing_enabled":true,"_links":{"self":[{"href":"https:\/\/www.3p-gmbh.de\/es\/wp-json\/wp\/v2\/product\/93066","targetHints":{"allow":["GET"]}}],"collection":[{"href":"https:\/\/www.3p-gmbh.de\/es\/wp-json\/wp\/v2\/product"}],"about":[{"href":"https:\/\/www.3p-gmbh.de\/es\/wp-json\/wp\/v2\/types\/product"}],"wp:featuredmedia":[{"embeddable":true,"href":"https:\/\/www.3p-gmbh.de\/es\/wp-json\/wp\/v2\/media\/64834"}],"wp:attachment":[{"href":"https:\/\/www.3p-gmbh.de\/es\/wp-json\/wp\/v2\/media?parent=93066"}],"wp:term":[{"taxonomy":"product_brand","embeddable":true,"href":"https:\/\/www.3p-gmbh.de\/es\/wp-json\/wp\/v2\/product_brand?post=93066"},{"taxonomy":"product_cat","embeddable":true,"href":"https:\/\/www.3p-gmbh.de\/es\/wp-json\/wp\/v2\/product_cat?post=93066"},{"taxonomy":"product_tag","embeddable":true,"href":"https:\/\/www.3p-gmbh.de\/es\/wp-json\/wp\/v2\/product_tag?post=93066"}],"curies":[{"name":"wp","href":"https:\/\/api.w.org\/{rel}","templated":true}]}}