{"id":93063,"date":"2019-07-11T13:53:45","date_gmt":"2019-07-11T13:53:45","guid":{"rendered":"https:\/\/www.3p-gmbh.de\/produkt\/marco-de-copia-sack-modelo-13\/"},"modified":"2019-07-11T13:53:45","modified_gmt":"2019-07-11T13:53:45","slug":"maquina-copiadora-para-imprimir-formularios-produccion","status":"publish","type":"product","link":"https:\/\/www.3p-gmbh.de\/es\/produkt\/maquina-copiadora-para-imprimir-formularios-produccion\/","title":{"rendered":"Marco de copia Sack Modelo 13"},"content":{"rendered":"<ul>\n<li>Formato \u00fatil 950&#215;1150 mm<\/li>\n<li>L\u00e1mpara de arranque instant\u00e1neo de 5000 vatios<\/li>\n<li>Pel\u00edcula de dispersi\u00f3n<\/li>\n<li>LCX 3.1 Control del programa<\/li>\n<li>7 cajones guiados por rodamientos de bolas<\/li>\n<li>Cortina<\/li>\n<\/ul>\n","protected":false},"excerpt":{"rendered":"<p>Formato \u00fatil 950&#215;1150 mm L\u00e1mpara de arranque instant\u00e1neo de 5000 vatios Pel\u00edcula de dispersi\u00f3n LCX 3.1 Control del programa 7 cajones guiados por rodamientos de bolas Cortina<\/p>\n","protected":false},"featured_media":64840,"template":"","meta":[],"product_brand":[],"product_cat":[3000],"product_tag":[],"class_list":{"0":"post-93063","1":"product","2":"type-product","3":"status-publish","4":"has-post-thumbnail","6":"product_cat-tratamiento-de-las-planchas-de-impresion-es","7":"pa_baujahr-165","8":"pa_hersteller-sack","9":"pa_typ-modell-131155-s","11":"first","12":"instock","13":"sold-individually","14":"taxable","15":"shipping-taxable","16":"purchasable","17":"product-type-simple"},"jetpack_sharing_enabled":true,"_links":{"self":[{"href":"https:\/\/www.3p-gmbh.de\/es\/wp-json\/wp\/v2\/product\/93063","targetHints":{"allow":["GET"]}}],"collection":[{"href":"https:\/\/www.3p-gmbh.de\/es\/wp-json\/wp\/v2\/product"}],"about":[{"href":"https:\/\/www.3p-gmbh.de\/es\/wp-json\/wp\/v2\/types\/product"}],"wp:featuredmedia":[{"embeddable":true,"href":"https:\/\/www.3p-gmbh.de\/es\/wp-json\/wp\/v2\/media\/64840"}],"wp:attachment":[{"href":"https:\/\/www.3p-gmbh.de\/es\/wp-json\/wp\/v2\/media?parent=93063"}],"wp:term":[{"taxonomy":"product_brand","embeddable":true,"href":"https:\/\/www.3p-gmbh.de\/es\/wp-json\/wp\/v2\/product_brand?post=93063"},{"taxonomy":"product_cat","embeddable":true,"href":"https:\/\/www.3p-gmbh.de\/es\/wp-json\/wp\/v2\/product_cat?post=93063"},{"taxonomy":"product_tag","embeddable":true,"href":"https:\/\/www.3p-gmbh.de\/es\/wp-json\/wp\/v2\/product_tag?post=93063"}],"curies":[{"name":"wp","href":"https:\/\/api.w.org\/{rel}","templated":true}]}}