{"id":93052,"date":"2019-07-11T13:53:56","date_gmt":"2019-07-11T13:53:56","guid":{"rendered":"https:\/\/www.3p-gmbh.de\/produkt\/filmadora-agfa-avantra-44-e-con-apogee-2-pdf-rip-y-printdrive\/"},"modified":"2019-07-11T13:53:56","modified_gmt":"2019-07-11T13:53:56","slug":"filmadora-2","status":"publish","type":"product","link":"https:\/\/www.3p-gmbh.de\/es\/produkt\/filmadora-2\/","title":{"rendered":"Filmadora Agfa Avantra 44 E con Apogee 2 PDF Rip y PrintDrive"},"content":{"rendered":"<ul>\n<li>Filmadora de tambor interior con diodo l\u00e1ser de luz roja de 650 nm<\/li>\n<li>Dos casetes de material<\/li>\n<li>m\u00e1x. Formato de exposici\u00f3n 906 x 1130 mm<\/li>\n<li>Resoluci\u00f3n 1200, 1800, 2400 dpi<\/li>\n<li>con buffer y m\u00e1quina de desarrollo en l\u00ednea<\/li>\n<li>Agfa Apogee PDF Rip<\/li>\n<li>Procesador de pel\u00edculas cortas en l\u00ednea Agfa Agfaline 44 OLP<\/li>\n<li>Posici\u00f3n del piloto<\/li>\n<li>Unidad de impresi\u00f3n<\/li>\n<li>Unidad de tinta (CIP 3)<\/li>\n<li>PC+monitor<\/li>\n<\/ul>\n","protected":false},"excerpt":{"rendered":"<p>Filmadora de tambor interior con diodo l\u00e1ser de luz roja de 650 nm Dos casetes de material m\u00e1x. Formato de exposici\u00f3n 906 x 1130 mm Resoluci\u00f3n 1200, 1800, 2400 dpi con buffer y m\u00e1quina de desarrollo en l\u00ednea Agfa Apogee PDF Rip Procesador de pel\u00edculas cortas en l\u00ednea Agfa Agfaline 44 OLP Posici\u00f3n del piloto [&hellip;]<\/p>\n","protected":false},"featured_media":75322,"template":"","meta":[],"product_brand":[],"product_cat":[2938],"product_tag":[],"class_list":{"0":"post-93052","1":"product","2":"type-product","3":"status-publish","4":"has-post-thumbnail","6":"product_cat-filmadoras-y-sistemas-de-revelado-de-peliculas","7":"pa_baujahr-11-1999","8":"pa_hersteller-agfa","9":"pa_typ-avantra-44-e","11":"first","12":"instock","13":"sold-individually","14":"taxable","15":"shipping-taxable","16":"purchasable","17":"product-type-simple"},"jetpack_sharing_enabled":true,"_links":{"self":[{"href":"https:\/\/www.3p-gmbh.de\/es\/wp-json\/wp\/v2\/product\/93052","targetHints":{"allow":["GET"]}}],"collection":[{"href":"https:\/\/www.3p-gmbh.de\/es\/wp-json\/wp\/v2\/product"}],"about":[{"href":"https:\/\/www.3p-gmbh.de\/es\/wp-json\/wp\/v2\/types\/product"}],"wp:featuredmedia":[{"embeddable":true,"href":"https:\/\/www.3p-gmbh.de\/es\/wp-json\/wp\/v2\/media\/75322"}],"wp:attachment":[{"href":"https:\/\/www.3p-gmbh.de\/es\/wp-json\/wp\/v2\/media?parent=93052"}],"wp:term":[{"taxonomy":"product_brand","embeddable":true,"href":"https:\/\/www.3p-gmbh.de\/es\/wp-json\/wp\/v2\/product_brand?post=93052"},{"taxonomy":"product_cat","embeddable":true,"href":"https:\/\/www.3p-gmbh.de\/es\/wp-json\/wp\/v2\/product_cat?post=93052"},{"taxonomy":"product_tag","embeddable":true,"href":"https:\/\/www.3p-gmbh.de\/es\/wp-json\/wp\/v2\/product_tag?post=93052"}],"curies":[{"name":"wp","href":"https:\/\/api.w.org\/{rel}","templated":true}]}}