{"id":93039,"date":"2019-07-11T13:53:56","date_gmt":"2019-07-11T13:53:56","guid":{"rendered":"https:\/\/www.3p-gmbh.de\/produkt\/heidelberg-prinect-metadimension-flujo-de-trabajo\/"},"modified":"2019-07-11T13:53:56","modified_gmt":"2019-07-11T13:53:56","slug":"flujo-de-trabajo-de-preimpresion","status":"publish","type":"product","link":"https:\/\/www.3p-gmbh.de\/es\/produkt\/flujo-de-trabajo-de-preimpresion\/","title":{"rendered":"Heidelberg Prinect MetaDimension Flujo de trabajo"},"content":{"rendered":"<ul>\n<li>Flujo de trabajo de preimpresi\u00f3n completo de Heidelberg<\/li>\n<li>con se\u00f1alizaci\u00f3n Montaje de hojas, pruebas, trampas&#8230;<\/li>\n<\/ul>\n","protected":false},"excerpt":{"rendered":"<p>Flujo de trabajo de preimpresi\u00f3n completo de Heidelberg con se\u00f1alizaci\u00f3n Montaje de hojas, pruebas, trampas&#8230;<\/p>\n","protected":false},"featured_media":64867,"template":"","meta":[],"product_brand":[],"product_cat":[3008],"product_tag":[],"class_list":{"0":"post-93039","1":"product","2":"type-product","3":"status-publish","4":"has-post-thumbnail","6":"product_cat-software-de-preimpresion","7":"pa_baujahr-168","8":"pa_hersteller-heidelberg","9":"pa_typ-prinect-meta-dimension","11":"first","12":"instock","13":"sold-individually","14":"taxable","15":"shipping-taxable","16":"purchasable","17":"product-type-simple"},"jetpack_sharing_enabled":true,"_links":{"self":[{"href":"https:\/\/www.3p-gmbh.de\/es\/wp-json\/wp\/v2\/product\/93039","targetHints":{"allow":["GET"]}}],"collection":[{"href":"https:\/\/www.3p-gmbh.de\/es\/wp-json\/wp\/v2\/product"}],"about":[{"href":"https:\/\/www.3p-gmbh.de\/es\/wp-json\/wp\/v2\/types\/product"}],"wp:featuredmedia":[{"embeddable":true,"href":"https:\/\/www.3p-gmbh.de\/es\/wp-json\/wp\/v2\/media\/64867"}],"wp:attachment":[{"href":"https:\/\/www.3p-gmbh.de\/es\/wp-json\/wp\/v2\/media?parent=93039"}],"wp:term":[{"taxonomy":"product_brand","embeddable":true,"href":"https:\/\/www.3p-gmbh.de\/es\/wp-json\/wp\/v2\/product_brand?post=93039"},{"taxonomy":"product_cat","embeddable":true,"href":"https:\/\/www.3p-gmbh.de\/es\/wp-json\/wp\/v2\/product_cat?post=93039"},{"taxonomy":"product_tag","embeddable":true,"href":"https:\/\/www.3p-gmbh.de\/es\/wp-json\/wp\/v2\/product_tag?post=93039"}],"curies":[{"name":"wp","href":"https:\/\/api.w.org\/{rel}","templated":true}]}}