{"id":93027,"date":"2019-07-11T13:53:56","date_gmt":"2019-07-11T13:53:56","guid":{"rendered":"https:\/\/www.3p-gmbh.de\/produkt\/filmadora-de-imagenes-linotype-heidelberg-signasetter\/"},"modified":"2019-07-11T13:53:56","modified_gmt":"2019-07-11T13:53:56","slug":"filmadora-3","status":"publish","type":"product","link":"https:\/\/www.3p-gmbh.de\/es\/produkt\/filmadora-3\/","title":{"rendered":"filmadora de im\u00e1genes Linotype\/Heidelberg Signasetter"},"content":{"rendered":"<ul>\n<li>Fijadora de im\u00e1genes de tambor interno de alta precisi\u00f3n<\/li>\n<li>con punz\u00f3n de registro Bacher 2000 en el lado de formato largo<\/li>\n<li>Formato de exposici\u00f3n 770 x 1070 mm<\/li>\n<li>Anchuras de material de 460 a 1080 mm en 27 pasos<\/li>\n<li>Resoluci\u00f3n De 1270 a 5080 ppp<\/li>\n<li>Revelado de pel\u00edculas en l\u00ednea Kodamatic 1250i<\/li>\n<\/ul>\n","protected":false},"excerpt":{"rendered":"<p>Fijadora de im\u00e1genes de tambor interno de alta precisi\u00f3n con punz\u00f3n de registro Bacher 2000 en el lado de formato largo Formato de exposici\u00f3n 770 x 1070 mm Anchuras de material de 460 a 1080 mm en 27 pasos Resoluci\u00f3n De 1270 a 5080 ppp Revelado de pel\u00edculas en l\u00ednea Kodamatic 1250i<\/p>\n","protected":false},"featured_media":64870,"template":"","meta":[],"product_brand":[],"product_cat":[2938],"product_tag":[],"class_list":{"0":"post-93027","1":"product","2":"type-product","3":"status-publish","4":"has-post-thumbnail","6":"product_cat-filmadoras-y-sistemas-de-revelado-de-peliculas","7":"pa_baujahr-209","8":"pa_hersteller-linotype-heidelberg","9":"pa_typ-signasetter","11":"first","12":"instock","13":"sold-individually","14":"taxable","15":"shipping-taxable","16":"purchasable","17":"product-type-simple"},"jetpack_sharing_enabled":true,"_links":{"self":[{"href":"https:\/\/www.3p-gmbh.de\/es\/wp-json\/wp\/v2\/product\/93027","targetHints":{"allow":["GET"]}}],"collection":[{"href":"https:\/\/www.3p-gmbh.de\/es\/wp-json\/wp\/v2\/product"}],"about":[{"href":"https:\/\/www.3p-gmbh.de\/es\/wp-json\/wp\/v2\/types\/product"}],"wp:featuredmedia":[{"embeddable":true,"href":"https:\/\/www.3p-gmbh.de\/es\/wp-json\/wp\/v2\/media\/64870"}],"wp:attachment":[{"href":"https:\/\/www.3p-gmbh.de\/es\/wp-json\/wp\/v2\/media?parent=93027"}],"wp:term":[{"taxonomy":"product_brand","embeddable":true,"href":"https:\/\/www.3p-gmbh.de\/es\/wp-json\/wp\/v2\/product_brand?post=93027"},{"taxonomy":"product_cat","embeddable":true,"href":"https:\/\/www.3p-gmbh.de\/es\/wp-json\/wp\/v2\/product_cat?post=93027"},{"taxonomy":"product_tag","embeddable":true,"href":"https:\/\/www.3p-gmbh.de\/es\/wp-json\/wp\/v2\/product_tag?post=93027"}],"curies":[{"name":"wp","href":"https:\/\/api.w.org\/{rel}","templated":true}]}}