{"id":93026,"date":"2019-07-11T13:53:56","date_gmt":"2019-07-11T13:53:56","guid":{"rendered":"https:\/\/www.3p-gmbh.de\/produkt\/sistema-dpx-460-polyesterctp\/"},"modified":"2019-07-11T13:53:56","modified_gmt":"2019-07-11T13:53:56","slug":"sistema-ctp-de-poliester","status":"publish","type":"product","link":"https:\/\/www.3p-gmbh.de\/es\/produkt\/sistema-ctp-de-poliester\/","title":{"rendered":"Sistema DPX 460 PolyesterCtP"},"content":{"rendered":"<ul>\n<li>para la producci\u00f3n de planchas de impresi\u00f3n de poli\u00e9ster troqueladas listas para imprimir para GTO, Ryobi 5x<\/li>\n<li>hasta 3600 ppp<\/li>\n<li>Capacidad de 20-25000 hojas<\/li>\n<li>Resoluci\u00f3n de hasta 70 raster<\/li>\n<li>punz\u00f3n de registro integrado<\/li>\n<li>DPX-RIP-Mate V8.x<\/li>\n<\/ul>\n","protected":false},"excerpt":{"rendered":"<p>para la producci\u00f3n de planchas de impresi\u00f3n de poli\u00e9ster troqueladas listas para imprimir para GTO, Ryobi 5x hasta 3600 ppp Capacidad de 20-25000 hojas Resoluci\u00f3n de hasta 70 raster punz\u00f3n de registro integrado DPX-RIP-Mate V8.x<\/p>\n","protected":false},"featured_media":64873,"template":"","meta":[],"product_brand":[],"product_cat":[2870],"product_tag":[],"class_list":{"0":"post-93026","1":"product","2":"type-product","3":"status-publish","4":"has-post-thumbnail","6":"product_cat-sistemas-de-ordenador-a-placa","7":"pa_baujahr-140","8":"pa_hersteller-mitsubishi","9":"pa_typ-dpx-460","11":"first","12":"instock","13":"sold-individually","14":"taxable","15":"shipping-taxable","16":"purchasable","17":"product-type-simple"},"jetpack_sharing_enabled":true,"_links":{"self":[{"href":"https:\/\/www.3p-gmbh.de\/es\/wp-json\/wp\/v2\/product\/93026","targetHints":{"allow":["GET"]}}],"collection":[{"href":"https:\/\/www.3p-gmbh.de\/es\/wp-json\/wp\/v2\/product"}],"about":[{"href":"https:\/\/www.3p-gmbh.de\/es\/wp-json\/wp\/v2\/types\/product"}],"wp:featuredmedia":[{"embeddable":true,"href":"https:\/\/www.3p-gmbh.de\/es\/wp-json\/wp\/v2\/media\/64873"}],"wp:attachment":[{"href":"https:\/\/www.3p-gmbh.de\/es\/wp-json\/wp\/v2\/media?parent=93026"}],"wp:term":[{"taxonomy":"product_brand","embeddable":true,"href":"https:\/\/www.3p-gmbh.de\/es\/wp-json\/wp\/v2\/product_brand?post=93026"},{"taxonomy":"product_cat","embeddable":true,"href":"https:\/\/www.3p-gmbh.de\/es\/wp-json\/wp\/v2\/product_cat?post=93026"},{"taxonomy":"product_tag","embeddable":true,"href":"https:\/\/www.3p-gmbh.de\/es\/wp-json\/wp\/v2\/product_tag?post=93026"}],"curies":[{"name":"wp","href":"https:\/\/api.w.org\/{rel}","templated":true}]}}