{"id":93014,"date":"2019-07-11T13:53:56","date_gmt":"2019-07-11T13:53:56","guid":{"rendered":"https:\/\/www.3p-gmbh.de\/produkt\/servidor-de-flujo-de-trabajo-kodak-creo-prinergy\/"},"modified":"2019-07-11T13:53:56","modified_gmt":"2019-07-11T13:53:56","slug":"flujo-de-trabajo-pdf","status":"publish","type":"product","link":"https:\/\/www.3p-gmbh.de\/es\/produkt\/flujo-de-trabajo-pdf\/","title":{"rendered":"Servidor de flujo de trabajo Kodak\/Creo Prinergy"},"content":{"rendered":"<ul>\n<li>Estaci\u00f3n de trabajo Dell certificada por Kodak con flujo de trabajo Prinergy Connect<\/li>\n<li>con salida de datos CIP 3<\/li>\n<li>Flujo de trabajo totalmente basado en PDF<\/li>\n<li>Sistema cliente\/servidor<\/li>\n<li>El sistema de flujo de trabajo en PDF con m\u00e1s \u00e9xito del mundo<\/li>\n<li>Alta capacidad de procesamiento<\/li>\n<li>incl. Software de montaje de l\u00e1minas Preps 5 Plus<\/li>\n<\/ul>\n","protected":false},"excerpt":{"rendered":"<p>Estaci\u00f3n de trabajo Dell certificada por Kodak con flujo de trabajo Prinergy Connect con salida de datos CIP 3 Flujo de trabajo totalmente basado en PDF Sistema cliente\/servidor El sistema de flujo de trabajo en PDF con m\u00e1s \u00e9xito del mundo Alta capacidad de procesamiento incl. Software de montaje de l\u00e1minas Preps 5 Plus<\/p>\n","protected":false},"featured_media":64888,"template":"","meta":[],"product_brand":[],"product_cat":[3008],"product_tag":[],"class_list":{"0":"post-93014","1":"product","2":"type-product","3":"status-publish","4":"has-post-thumbnail","6":"product_cat-software-de-preimpresion","7":"pa_baujahr-326","8":"pa_hersteller-kodak-creo","9":"pa_typ-prinergy-connect","11":"first","12":"instock","13":"sold-individually","14":"taxable","15":"shipping-taxable","16":"purchasable","17":"product-type-simple"},"jetpack_sharing_enabled":true,"_links":{"self":[{"href":"https:\/\/www.3p-gmbh.de\/es\/wp-json\/wp\/v2\/product\/93014","targetHints":{"allow":["GET"]}}],"collection":[{"href":"https:\/\/www.3p-gmbh.de\/es\/wp-json\/wp\/v2\/product"}],"about":[{"href":"https:\/\/www.3p-gmbh.de\/es\/wp-json\/wp\/v2\/types\/product"}],"wp:featuredmedia":[{"embeddable":true,"href":"https:\/\/www.3p-gmbh.de\/es\/wp-json\/wp\/v2\/media\/64888"}],"wp:attachment":[{"href":"https:\/\/www.3p-gmbh.de\/es\/wp-json\/wp\/v2\/media?parent=93014"}],"wp:term":[{"taxonomy":"product_brand","embeddable":true,"href":"https:\/\/www.3p-gmbh.de\/es\/wp-json\/wp\/v2\/product_brand?post=93014"},{"taxonomy":"product_cat","embeddable":true,"href":"https:\/\/www.3p-gmbh.de\/es\/wp-json\/wp\/v2\/product_cat?post=93014"},{"taxonomy":"product_tag","embeddable":true,"href":"https:\/\/www.3p-gmbh.de\/es\/wp-json\/wp\/v2\/product_tag?post=93014"}],"curies":[{"name":"wp","href":"https:\/\/api.w.org\/{rel}","templated":true}]}}