{"id":93003,"date":"2019-07-11T13:53:09","date_gmt":"2019-07-11T13:53:09","guid":{"rendered":"https:\/\/www.3p-gmbh.de\/produkt\/unidad-de-impresion-heidelberg-para-la-version-heidelberg-mo-plus\/"},"modified":"2019-07-11T13:53:09","modified_gmt":"2019-07-11T13:53:09","slug":"imprime-trabajos-para-heidelberg-mo-plusversion","status":"publish","type":"product","link":"https:\/\/www.3p-gmbh.de\/es\/produkt\/imprime-trabajos-para-heidelberg-mo-plusversion\/","title":{"rendered":"Unidad de impresi\u00f3n Heidelberg para la versi\u00f3n Heidelberg MO Plus"},"content":{"rendered":"<p>Dispositivo de numeraci\u00f3n, compuesto por:<\/p>\n<ul>\n<li>1 caja de pintura<\/li>\n<li>1 Eje numerador con tornillos de fijaci\u00f3n<\/li>\n<li>1 anillo de asiento<\/li>\n<li>2 brazos de conmutaci\u00f3n<\/li>\n<li>1 Brazo interruptor doble<\/li>\n<li>3 Unidades de numeraci\u00f3n<\/li>\n<li>1 bandeja recogegotas<\/li>\n<\/ul>\n","protected":false},"excerpt":{"rendered":"<p>Dispositivo de numeraci\u00f3n, compuesto por: 1 caja de pintura 1 Eje numerador con tornillos de fijaci\u00f3n 1 anillo de asiento 2 brazos de conmutaci\u00f3n 1 Brazo interruptor doble 3 Unidades de numeraci\u00f3n 1 bandeja recogegotas<\/p>\n","protected":false},"featured_media":64321,"template":"","meta":[],"product_brand":[],"product_cat":[2899],"product_tag":[],"class_list":{"0":"post-93003","1":"product","2":"type-product","3":"status-publish","4":"has-post-thumbnail","6":"product_cat-accesorios-y-piezas-de-recambio-para-prensas","7":"pa_hersteller-heidelberger-druckmaschinen","8":"pa_typ-eindruckwerk","10":"first","11":"instock","12":"sold-individually","13":"taxable","14":"shipping-taxable","15":"purchasable","16":"product-type-simple"},"jetpack_sharing_enabled":true,"_links":{"self":[{"href":"https:\/\/www.3p-gmbh.de\/es\/wp-json\/wp\/v2\/product\/93003","targetHints":{"allow":["GET"]}}],"collection":[{"href":"https:\/\/www.3p-gmbh.de\/es\/wp-json\/wp\/v2\/product"}],"about":[{"href":"https:\/\/www.3p-gmbh.de\/es\/wp-json\/wp\/v2\/types\/product"}],"wp:featuredmedia":[{"embeddable":true,"href":"https:\/\/www.3p-gmbh.de\/es\/wp-json\/wp\/v2\/media\/64321"}],"wp:attachment":[{"href":"https:\/\/www.3p-gmbh.de\/es\/wp-json\/wp\/v2\/media?parent=93003"}],"wp:term":[{"taxonomy":"product_brand","embeddable":true,"href":"https:\/\/www.3p-gmbh.de\/es\/wp-json\/wp\/v2\/product_brand?post=93003"},{"taxonomy":"product_cat","embeddable":true,"href":"https:\/\/www.3p-gmbh.de\/es\/wp-json\/wp\/v2\/product_cat?post=93003"},{"taxonomy":"product_tag","embeddable":true,"href":"https:\/\/www.3p-gmbh.de\/es\/wp-json\/wp\/v2\/product_tag?post=93003"}],"curies":[{"name":"wp","href":"https:\/\/api.w.org\/{rel}","templated":true}]}}