{"id":92974,"date":"2019-07-11T13:53:16","date_gmt":"2019-07-11T13:53:16","guid":{"rendered":"https:\/\/www.3p-gmbh.de\/produkt\/densitometro-colorimetrico-techkon-r-410-e\/"},"modified":"2019-07-11T13:53:16","modified_gmt":"2019-07-11T13:53:16","slug":"densitometro-de-luz-en-color-2","status":"publish","type":"product","link":"https:\/\/www.3p-gmbh.de\/es\/produkt\/densitometro-de-luz-en-color-2\/","title":{"rendered":"Densit\u00f3metro colorim\u00e9trico Techkon R 410 e"},"content":{"rendered":"<ul>\n<li>Densidad<\/li>\n<li>Diferencia de densidad<\/li>\n<li>Equilibrio de grises y colores<\/li>\n<li>Cobertura de \u00e1rea (tambi\u00e9n para planchas de impresi\u00f3n)<\/li>\n<li>Aumento del valor tonal<\/li>\n<li>Contraste de impresi\u00f3n<\/li>\n<li>Aceptaci\u00f3n del color<\/li>\n<li>Error de matiz<\/li>\n<li>Ennegrecimiento<\/li>\n<li>con cargador, tarjeta de calibraci\u00f3n, malet\u00edn del equipo<\/li>\n<\/ul>\n","protected":false},"excerpt":{"rendered":"<p>Densidad Diferencia de densidad Equilibrio de grises y colores Cobertura de \u00e1rea (tambi\u00e9n para planchas de impresi\u00f3n) Aumento del valor tonal Contraste de impresi\u00f3n Aceptaci\u00f3n del color Error de matiz Ennegrecimiento con cargador, tarjeta de calibraci\u00f3n, malet\u00edn del equipo<\/p>\n","protected":false},"featured_media":64357,"template":"","meta":[],"product_brand":[],"product_cat":[2933],"product_tag":[],"class_list":{"0":"post-92974","1":"product","2":"type-product","3":"status-publish","4":"has-post-thumbnail","6":"product_cat-instrumentos-de-medida-y-control-de-calidad","7":"pa_baujahr-198","8":"pa_hersteller-techkon","9":"pa_typ-r-410e","11":"first","12":"instock","13":"sold-individually","14":"taxable","15":"shipping-taxable","16":"purchasable","17":"product-type-simple"},"jetpack_sharing_enabled":true,"_links":{"self":[{"href":"https:\/\/www.3p-gmbh.de\/es\/wp-json\/wp\/v2\/product\/92974","targetHints":{"allow":["GET"]}}],"collection":[{"href":"https:\/\/www.3p-gmbh.de\/es\/wp-json\/wp\/v2\/product"}],"about":[{"href":"https:\/\/www.3p-gmbh.de\/es\/wp-json\/wp\/v2\/types\/product"}],"wp:featuredmedia":[{"embeddable":true,"href":"https:\/\/www.3p-gmbh.de\/es\/wp-json\/wp\/v2\/media\/64357"}],"wp:attachment":[{"href":"https:\/\/www.3p-gmbh.de\/es\/wp-json\/wp\/v2\/media?parent=92974"}],"wp:term":[{"taxonomy":"product_brand","embeddable":true,"href":"https:\/\/www.3p-gmbh.de\/es\/wp-json\/wp\/v2\/product_brand?post=92974"},{"taxonomy":"product_cat","embeddable":true,"href":"https:\/\/www.3p-gmbh.de\/es\/wp-json\/wp\/v2\/product_cat?post=92974"},{"taxonomy":"product_tag","embeddable":true,"href":"https:\/\/www.3p-gmbh.de\/es\/wp-json\/wp\/v2\/product_tag?post=92974"}],"curies":[{"name":"wp","href":"https:\/\/api.w.org\/{rel}","templated":true}]}}