{"id":92957,"date":"2019-07-11T13:53:16","date_gmt":"2019-07-11T13:53:16","guid":{"rendered":"https:\/\/www.3p-gmbh.de\/produkt\/lampara-de-prueba-de-color\/"},"modified":"2019-07-11T13:53:16","modified_gmt":"2019-07-11T13:53:16","slug":"luminaria-en-color","status":"publish","type":"product","link":"https:\/\/www.3p-gmbh.de\/es\/produkt\/luminaria-en-color\/","title":{"rendered":"L\u00e1mpara de prueba de color"},"content":{"rendered":"<ul>\n<li>Gu\u00eda asim\u00e9trica de la luz para una iluminaci\u00f3n sin deslumbramientos ni espejos<\/li>\n<li>Iluminaci\u00f3n 80 x 110 cm<\/li>\n<li>Contador de horas de funcionamiento<\/li>\n<li>4 tubos fluorescentes de 36 vatios luz d\u00eda<\/li>\n<li>Dimensiones exteriores H 223 x A 135 x 155<\/li>\n<\/ul>\n","protected":false},"excerpt":{"rendered":"<p>Gu\u00eda asim\u00e9trica de la luz para una iluminaci\u00f3n sin deslumbramientos ni espejos Iluminaci\u00f3n 80 x 110 cm Contador de horas de funcionamiento 4 tubos fluorescentes de 36 vatios luz d\u00eda Dimensiones exteriores H 223 x A 135 x 155<\/p>\n","protected":false},"featured_media":64384,"template":"","meta":[],"product_brand":[],"product_cat":[2899],"product_tag":[],"class_list":{"0":"post-92957","1":"product","2":"type-product","3":"status-publish","4":"has-post-thumbnail","6":"product_cat-accesorios-y-piezas-de-recambio-para-prensas","7":"pa_baujahr-165","8":"pa_hersteller-just","10":"first","11":"instock","12":"sold-individually","13":"taxable","14":"shipping-taxable","15":"purchasable","16":"product-type-simple"},"jetpack_sharing_enabled":true,"_links":{"self":[{"href":"https:\/\/www.3p-gmbh.de\/es\/wp-json\/wp\/v2\/product\/92957","targetHints":{"allow":["GET"]}}],"collection":[{"href":"https:\/\/www.3p-gmbh.de\/es\/wp-json\/wp\/v2\/product"}],"about":[{"href":"https:\/\/www.3p-gmbh.de\/es\/wp-json\/wp\/v2\/types\/product"}],"wp:featuredmedia":[{"embeddable":true,"href":"https:\/\/www.3p-gmbh.de\/es\/wp-json\/wp\/v2\/media\/64384"}],"wp:attachment":[{"href":"https:\/\/www.3p-gmbh.de\/es\/wp-json\/wp\/v2\/media?parent=92957"}],"wp:term":[{"taxonomy":"product_brand","embeddable":true,"href":"https:\/\/www.3p-gmbh.de\/es\/wp-json\/wp\/v2\/product_brand?post=92957"},{"taxonomy":"product_cat","embeddable":true,"href":"https:\/\/www.3p-gmbh.de\/es\/wp-json\/wp\/v2\/product_cat?post=92957"},{"taxonomy":"product_tag","embeddable":true,"href":"https:\/\/www.3p-gmbh.de\/es\/wp-json\/wp\/v2\/product_tag?post=92957"}],"curies":[{"name":"wp","href":"https:\/\/api.w.org\/{rel}","templated":true}]}}