{"id":92949,"date":"2019-07-11T13:53:16","date_gmt":"2019-07-11T13:53:16","guid":{"rendered":"https:\/\/www.3p-gmbh.de\/produkt\/cambiador-de-panos-electrico-baldwin\/"},"modified":"2019-07-11T13:53:16","modified_gmt":"2019-07-11T13:53:16","slug":"cambiador-de-toallas-electrico-2","status":"publish","type":"product","link":"https:\/\/www.3p-gmbh.de\/es\/produkt\/cambiador-de-toallas-electrico-2\/","title":{"rendered":"Cambiador de pa\u00f1os el\u00e9ctrico Baldwin"},"content":{"rendered":"<p>La unidad se utiliza para la producci\u00f3n aut\u00f3noma de cilindros de lavado a partir de bobinas de 500 metros (Dupont Sontara para Baldwin, Technotrans, lavamantillas Elettra) y es apta para todos los sistemas de lavado de mantillas y cilindros de impresi\u00f3n de los fabricantes de m\u00e1quinas de impresi\u00f3n m\u00e1s populares en formato 3B (Heidelberg Speedmaster SM 52, 74, 102 CD y XL, KBA Rapida 74, 75, 105, Roland 300, 500, 700, Komori, Sakurai, etc.).<\/p>\n","protected":false},"excerpt":{"rendered":"<p>La unidad se utiliza para la producci\u00f3n aut\u00f3noma de cilindros de lavado a partir de bobinas de 500 metros (Dupont Sontara para Baldwin, Technotrans, lavamantillas Elettra) y es apta para todos los sistemas de lavado de mantillas y cilindros de impresi\u00f3n de los fabricantes de m\u00e1quinas de impresi\u00f3n m\u00e1s populares en formato 3B (Heidelberg Speedmaster [&hellip;]<\/p>\n","protected":false},"featured_media":64399,"template":"","meta":[],"product_brand":[],"product_cat":[2899],"product_tag":[],"class_list":{"0":"post-92949","1":"product","2":"type-product","3":"status-publish","4":"has-post-thumbnail","6":"product_cat-accesorios-y-piezas-de-recambio-para-prensas","7":"pa_baujahr-168","8":"pa_hersteller-baldwin","10":"first","11":"instock","12":"sold-individually","13":"taxable","14":"shipping-taxable","15":"purchasable","16":"product-type-simple"},"jetpack_sharing_enabled":true,"_links":{"self":[{"href":"https:\/\/www.3p-gmbh.de\/es\/wp-json\/wp\/v2\/product\/92949","targetHints":{"allow":["GET"]}}],"collection":[{"href":"https:\/\/www.3p-gmbh.de\/es\/wp-json\/wp\/v2\/product"}],"about":[{"href":"https:\/\/www.3p-gmbh.de\/es\/wp-json\/wp\/v2\/types\/product"}],"wp:featuredmedia":[{"embeddable":true,"href":"https:\/\/www.3p-gmbh.de\/es\/wp-json\/wp\/v2\/media\/64399"}],"wp:attachment":[{"href":"https:\/\/www.3p-gmbh.de\/es\/wp-json\/wp\/v2\/media?parent=92949"}],"wp:term":[{"taxonomy":"product_brand","embeddable":true,"href":"https:\/\/www.3p-gmbh.de\/es\/wp-json\/wp\/v2\/product_brand?post=92949"},{"taxonomy":"product_cat","embeddable":true,"href":"https:\/\/www.3p-gmbh.de\/es\/wp-json\/wp\/v2\/product_cat?post=92949"},{"taxonomy":"product_tag","embeddable":true,"href":"https:\/\/www.3p-gmbh.de\/es\/wp-json\/wp\/v2\/product_tag?post=92949"}],"curies":[{"name":"wp","href":"https:\/\/api.w.org\/{rel}","templated":true}]}}