{"id":92936,"date":"2019-07-11T13:53:16","date_gmt":"2019-07-11T13:53:16","guid":{"rendered":"https:\/\/www.3p-gmbh.de\/produkt\/densitometro-espectral-techkon-spectrodens\/"},"modified":"2019-07-11T13:53:16","modified_gmt":"2019-07-11T13:53:16","slug":"densitometro-espectral","status":"publish","type":"product","link":"https:\/\/www.3p-gmbh.de\/es\/produkt\/densitometro-espectral\/","title":{"rendered":"Densit\u00f3metro espectral Techkon SpectroDens"},"content":{"rendered":"<p>Funciones:<\/p>\n<ul>\n<li>Medici\u00f3n autom\u00e1tica<\/li>\n<li>Densidad CMYK<\/li>\n<li>Cobertura del \u00e1rea, aumento del valor tonal<\/li>\n<li>Equilibrio de grises y colores<\/li>\n<li>Aceptaci\u00f3n del color seg\u00fan Preucil<\/li>\n<li>Contraste de impresi\u00f3n<\/li>\n<\/ul>\n","protected":false},"excerpt":{"rendered":"<p>Funciones: Medici\u00f3n autom\u00e1tica Densidad CMYK Cobertura del \u00e1rea, aumento del valor tonal Equilibrio de grises y colores Aceptaci\u00f3n del color seg\u00fan Preucil Contraste de impresi\u00f3n<\/p>\n","protected":false},"featured_media":64411,"template":"","meta":[],"product_brand":[],"product_cat":[2933],"product_tag":[],"class_list":{"0":"post-92936","1":"product","2":"type-product","3":"status-publish","4":"has-post-thumbnail","6":"product_cat-instrumentos-de-medida-y-control-de-calidad","7":"pa_baujahr-326","8":"pa_hersteller-techkon","9":"pa_typ-spectrodens","11":"first","12":"instock","13":"sold-individually","14":"taxable","15":"shipping-taxable","16":"purchasable","17":"product-type-simple"},"jetpack_sharing_enabled":true,"_links":{"self":[{"href":"https:\/\/www.3p-gmbh.de\/es\/wp-json\/wp\/v2\/product\/92936","targetHints":{"allow":["GET"]}}],"collection":[{"href":"https:\/\/www.3p-gmbh.de\/es\/wp-json\/wp\/v2\/product"}],"about":[{"href":"https:\/\/www.3p-gmbh.de\/es\/wp-json\/wp\/v2\/types\/product"}],"wp:featuredmedia":[{"embeddable":true,"href":"https:\/\/www.3p-gmbh.de\/es\/wp-json\/wp\/v2\/media\/64411"}],"wp:attachment":[{"href":"https:\/\/www.3p-gmbh.de\/es\/wp-json\/wp\/v2\/media?parent=92936"}],"wp:term":[{"taxonomy":"product_brand","embeddable":true,"href":"https:\/\/www.3p-gmbh.de\/es\/wp-json\/wp\/v2\/product_brand?post=92936"},{"taxonomy":"product_cat","embeddable":true,"href":"https:\/\/www.3p-gmbh.de\/es\/wp-json\/wp\/v2\/product_cat?post=92936"},{"taxonomy":"product_tag","embeddable":true,"href":"https:\/\/www.3p-gmbh.de\/es\/wp-json\/wp\/v2\/product_tag?post=92936"}],"curies":[{"name":"wp","href":"https:\/\/api.w.org\/{rel}","templated":true}]}}