{"id":92930,"date":"2019-07-11T13:53:16","date_gmt":"2019-07-11T13:53:16","guid":{"rendered":"https:\/\/www.3p-gmbh.de\/produkt\/insertadora-de-tiras-vacuumatic-cuti-2\/"},"modified":"2019-07-11T13:53:16","modified_gmt":"2019-07-11T13:53:16","slug":"juego-de-impregnacion-de-rayas-2","status":"publish","type":"product","link":"https:\/\/www.3p-gmbh.de\/es\/produkt\/juego-de-impregnacion-de-rayas-2\/","title":{"rendered":"Insertadora de tiras Vacuumatic Cuti 2"},"content":{"rendered":"<ul>\n<li>Insertador de tiras, opcionalmente con sensor l\u00e1ser &#8211; sin conexi\u00f3n mec\u00e1nica ni el\u00e9ctrica a la prensa<\/li>\n<li>Soluci\u00f3n compacta, vers\u00e1til y rentable para contar y subdividir en una sola operaci\u00f3n<\/li>\n<li>Especialmente desarrollado tambi\u00e9n para su uso en prensas m\u00e1s peque\u00f1as con alturas de pelo bajas<\/li>\n<li>Velocidad de recuento: hasta 15.000 hojas\/h<\/li>\n<li>Altura de inserci\u00f3n hasta 1500 mm<\/li>\n<li>Imposici\u00f3n de tiras: de 6 a 9999 hojas<\/li>\n<li>Retardo de corte: 5 hojas (no variable)<\/li>\n<li>Longitud de la banda: desde min. 100 mm hasta m\u00e1x. 200 mm ajustable<\/li>\n<li>Pulsador: adaptador de interfaz, desacoplado \u00f3pticamente<\/li>\n<li>Rollo de tiras: 13 mm de ancho, longitud aprox. 150 m, papel kraft 150 g\/m\u00b2.<\/li>\n<li>Visualizaci\u00f3n de la cantidad total, cantidad de paquetes, disparo, se\u00f1al cuando se alcanza el n\u00famero de piezas<\/li>\n<li>Portarrollos: \u00d8 235 mm, ajustable a 45\u00b0, 90\u00b0 y 135\u00b0.<\/li>\n<li>Conexi\u00f3n: 230 V \/ 50\/60 Hz<\/li>\n<li>Dimensiones: 142 x 141 x 75 mm (sin canal, portarrollos ni soporte)<\/li>\n<li>Espacio necesario para el soporte: 610 x 610 mm<\/li>\n<\/ul>\n","protected":false},"excerpt":{"rendered":"<p>Insertador de tiras, opcionalmente con sensor l\u00e1ser &#8211; sin conexi\u00f3n mec\u00e1nica ni el\u00e9ctrica a la prensa Soluci\u00f3n compacta, vers\u00e1til y rentable para contar y subdividir en una sola operaci\u00f3n Especialmente desarrollado tambi\u00e9n para su uso en prensas m\u00e1s peque\u00f1as con alturas de pelo bajas Velocidad de recuento: hasta 15.000 hojas\/h Altura de inserci\u00f3n hasta 1500 [&hellip;]<\/p>\n","protected":false},"featured_media":64414,"template":"","meta":[],"product_brand":[],"product_cat":[3005],"product_tag":[],"class_list":{"0":"post-92930","1":"product","2":"type-product","3":"status-publish","4":"has-post-thumbnail","6":"product_cat-maquinas-contadoras-de-papel","7":"pa_baujahr-452","8":"pa_hersteller-vacuumatic","9":"pa_typ-cuti-2-mit-lasersensor","11":"first","12":"instock","13":"sold-individually","14":"taxable","15":"shipping-taxable","16":"purchasable","17":"product-type-simple"},"jetpack_sharing_enabled":true,"_links":{"self":[{"href":"https:\/\/www.3p-gmbh.de\/es\/wp-json\/wp\/v2\/product\/92930","targetHints":{"allow":["GET"]}}],"collection":[{"href":"https:\/\/www.3p-gmbh.de\/es\/wp-json\/wp\/v2\/product"}],"about":[{"href":"https:\/\/www.3p-gmbh.de\/es\/wp-json\/wp\/v2\/types\/product"}],"wp:featuredmedia":[{"embeddable":true,"href":"https:\/\/www.3p-gmbh.de\/es\/wp-json\/wp\/v2\/media\/64414"}],"wp:attachment":[{"href":"https:\/\/www.3p-gmbh.de\/es\/wp-json\/wp\/v2\/media?parent=92930"}],"wp:term":[{"taxonomy":"product_brand","embeddable":true,"href":"https:\/\/www.3p-gmbh.de\/es\/wp-json\/wp\/v2\/product_brand?post=92930"},{"taxonomy":"product_cat","embeddable":true,"href":"https:\/\/www.3p-gmbh.de\/es\/wp-json\/wp\/v2\/product_cat?post=92930"},{"taxonomy":"product_tag","embeddable":true,"href":"https:\/\/www.3p-gmbh.de\/es\/wp-json\/wp\/v2\/product_tag?post=92930"}],"curies":[{"name":"wp","href":"https:\/\/api.w.org\/{rel}","templated":true}]}}