{"id":92913,"date":"2019-07-11T13:53:23","date_gmt":"2019-07-11T13:53:23","guid":{"rendered":"https:\/\/www.3p-gmbh.de\/produkt\/cambiador-de-panos-electrico-no-tejido-kasper\/"},"modified":"2019-07-11T13:53:23","modified_gmt":"2019-07-11T13:53:23","slug":"cambiador-de-toallas-electrico-4","status":"publish","type":"product","link":"https:\/\/www.3p-gmbh.de\/es\/produkt\/cambiador-de-toallas-electrico-4\/","title":{"rendered":"Cambiador de pa\u00f1os el\u00e9ctrico no tejido Kasper"},"content":{"rendered":"<p>La unidad se utiliza para la producci\u00f3n independiente de rollos de lavado a partir de rollos de 500 metros (por ejemplo, Dupont Sontara para Baldwin, Technotrans, lavadoras de ropa Elettra). Es adecuado para todos los sistemas de lavado de mantillas y cilindros de impresi\u00f3n de los fabricantes de m\u00e1quinas de impresi\u00f3n habituales en formato VLF (Heidelberg Speedmaster SM 52, 74 CD y XL, KBA Rapida 74, 75, 105, 130, 130a, 142, Roland 700. 800, 900, Komori, Sakurai etc.).<\/p>\n","protected":false},"excerpt":{"rendered":"<p>La unidad se utiliza para la producci\u00f3n independiente de rollos de lavado a partir de rollos de 500 metros (por ejemplo, Dupont Sontara para Baldwin, Technotrans, lavadoras de ropa Elettra). Es adecuado para todos los sistemas de lavado de mantillas y cilindros de impresi\u00f3n de los fabricantes de m\u00e1quinas de impresi\u00f3n habituales en formato VLF [&hellip;]<\/p>\n","protected":false},"featured_media":64462,"template":"","meta":[],"product_brand":[],"product_cat":[2899],"product_tag":[],"class_list":{"0":"post-92913","1":"product","2":"type-product","3":"status-publish","4":"has-post-thumbnail","6":"product_cat-accesorios-y-piezas-de-recambio-para-prensas","7":"pa_baujahr-127","8":"pa_hersteller-kba-vliesstoff-kasper","9":"pa_typ-rapida-ra-130-ra-142","11":"first","12":"instock","13":"sold-individually","14":"taxable","15":"shipping-taxable","16":"purchasable","17":"product-type-simple"},"jetpack_sharing_enabled":true,"_links":{"self":[{"href":"https:\/\/www.3p-gmbh.de\/es\/wp-json\/wp\/v2\/product\/92913","targetHints":{"allow":["GET"]}}],"collection":[{"href":"https:\/\/www.3p-gmbh.de\/es\/wp-json\/wp\/v2\/product"}],"about":[{"href":"https:\/\/www.3p-gmbh.de\/es\/wp-json\/wp\/v2\/types\/product"}],"wp:featuredmedia":[{"embeddable":true,"href":"https:\/\/www.3p-gmbh.de\/es\/wp-json\/wp\/v2\/media\/64462"}],"wp:attachment":[{"href":"https:\/\/www.3p-gmbh.de\/es\/wp-json\/wp\/v2\/media?parent=92913"}],"wp:term":[{"taxonomy":"product_brand","embeddable":true,"href":"https:\/\/www.3p-gmbh.de\/es\/wp-json\/wp\/v2\/product_brand?post=92913"},{"taxonomy":"product_cat","embeddable":true,"href":"https:\/\/www.3p-gmbh.de\/es\/wp-json\/wp\/v2\/product_cat?post=92913"},{"taxonomy":"product_tag","embeddable":true,"href":"https:\/\/www.3p-gmbh.de\/es\/wp-json\/wp\/v2\/product_tag?post=92913"}],"curies":[{"name":"wp","href":"https:\/\/api.w.org\/{rel}","templated":true}]}}