{"id":92908,"date":"2019-07-11T13:53:23","date_gmt":"2019-07-11T13:53:23","guid":{"rendered":"https:\/\/www.3p-gmbh.de\/produkt\/cambiador-de-panos-electrico-no-tejido-kasper\/"},"modified":"2019-07-11T13:53:23","modified_gmt":"2019-07-11T13:53:23","slug":"cambiador-de-toallas-electrico-3","status":"publish","type":"product","link":"https:\/\/www.3p-gmbh.de\/es\/produkt\/cambiador-de-toallas-electrico-3\/","title":{"rendered":"Cambiador de pa\u00f1os el\u00e9ctrico no tejido Kasper"},"content":{"rendered":"<p>La unidad se utiliza para la producci\u00f3n aut\u00f3noma de envolturas de lavado a partir de rollos de 500 metros, por ejemplo, Dupont Sontara para lavadoras de pa\u00f1os Badlwin, Technotrans, Elettra. Es apto para todos los sistemas de lavado de cilindros portacaucho y de impresi\u00f3n de los fabricantes habituales de m\u00e1quinas de formato 0B (p. ej. Heidelberg Speedmaster SM 52, 74 CD y XL, KBA Rapida 74, 75, Komori, Sakurai, etc.).<\/p>\n","protected":false},"excerpt":{"rendered":"<p>La unidad se utiliza para la producci\u00f3n aut\u00f3noma de envolturas de lavado a partir de rollos de 500 metros, por ejemplo, Dupont Sontara para lavadoras de pa\u00f1os Badlwin, Technotrans, Elettra. Es apto para todos los sistemas de lavado de cilindros portacaucho y de impresi\u00f3n de los fabricantes habituales de m\u00e1quinas de formato 0B (p. ej. [&hellip;]<\/p>\n","protected":false},"featured_media":64459,"template":"","meta":[],"product_brand":[],"product_cat":[2899],"product_tag":[],"class_list":{"0":"post-92908","1":"product","2":"type-product","3":"status-publish","4":"has-post-thumbnail","6":"product_cat-accesorios-y-piezas-de-recambio-para-prensas","7":"pa_baujahr-168","8":"pa_hersteller-heidelberg-kasper","10":"first","11":"instock","12":"sold-individually","13":"taxable","14":"shipping-taxable","15":"purchasable","16":"product-type-simple"},"jetpack_sharing_enabled":true,"_links":{"self":[{"href":"https:\/\/www.3p-gmbh.de\/es\/wp-json\/wp\/v2\/product\/92908","targetHints":{"allow":["GET"]}}],"collection":[{"href":"https:\/\/www.3p-gmbh.de\/es\/wp-json\/wp\/v2\/product"}],"about":[{"href":"https:\/\/www.3p-gmbh.de\/es\/wp-json\/wp\/v2\/types\/product"}],"wp:featuredmedia":[{"embeddable":true,"href":"https:\/\/www.3p-gmbh.de\/es\/wp-json\/wp\/v2\/media\/64459"}],"wp:attachment":[{"href":"https:\/\/www.3p-gmbh.de\/es\/wp-json\/wp\/v2\/media?parent=92908"}],"wp:term":[{"taxonomy":"product_brand","embeddable":true,"href":"https:\/\/www.3p-gmbh.de\/es\/wp-json\/wp\/v2\/product_brand?post=92908"},{"taxonomy":"product_cat","embeddable":true,"href":"https:\/\/www.3p-gmbh.de\/es\/wp-json\/wp\/v2\/product_cat?post=92908"},{"taxonomy":"product_tag","embeddable":true,"href":"https:\/\/www.3p-gmbh.de\/es\/wp-json\/wp\/v2\/product_tag?post=92908"}],"curies":[{"name":"wp","href":"https:\/\/api.w.org\/{rel}","templated":true}]}}