{"id":92892,"date":"2019-07-11T13:53:23","date_gmt":"2019-07-11T13:53:23","guid":{"rendered":"https:\/\/www.3p-gmbh.de\/produkt\/draabe-nebulizador-de-agua-pura\/"},"modified":"2019-07-11T13:53:23","modified_gmt":"2019-07-11T13:53:23","slug":"nebulizador-de-agua-pura","status":"publish","type":"product","link":"https:\/\/www.3p-gmbh.de\/es\/produkt\/nebulizador-de-agua-pura\/","title":{"rendered":"Draabe nebulizador de agua pura"},"content":{"rendered":"<ul>\n<li>incl. soporte de pared<\/li>\n<li>para la nebulizaci\u00f3n sin goteo de agua pura con sistema autom\u00e1tico de agua fresca<\/li>\n<li>Higrostato incorporado, m\u00e1x. Diferencial de conmutaci\u00f3n +\/- 3% h.r.<\/li>\n<li>Nebulizador orientable de forma continua horizontal y verticalmente<\/li>\n<li>Autolimpieza controlada electr\u00f3nicamente del nebulizador en reposo<\/li>\n<li>Salida de humidificaci\u00f3n de ajuste continuo<\/li>\n<li>Acoplamiento monomanual para aire comprimido, agua limpia y conexi\u00f3n el\u00e9ctrica<\/li>\n<li>Versi\u00f3n de tensi\u00f3n extrabaja de seguridad de 48 V CA<\/li>\n<li>Consumo de aire comprimido por boquilla : m\u00e1x. 30 Nl\/min<\/li>\n<li>Consumo total de aire comprimido: m\u00e1x.: 120 Nl\/min<\/li>\n<li>Rendimiento: infinitamente variable hasta 10 l\/h.<\/li>\n<\/ul>\n","protected":false},"excerpt":{"rendered":"<p>incl. soporte de pared para la nebulizaci\u00f3n sin goteo de agua pura con sistema autom\u00e1tico de agua fresca Higrostato incorporado, m\u00e1x. Diferencial de conmutaci\u00f3n +\/- 3% h.r. Nebulizador orientable de forma continua horizontal y verticalmente Autolimpieza controlada electr\u00f3nicamente del nebulizador en reposo Salida de humidificaci\u00f3n de ajuste continuo Acoplamiento monomanual para aire comprimido, agua limpia [&hellip;]<\/p>\n","protected":false},"featured_media":64492,"template":"","meta":[],"product_brand":[],"product_cat":[2899],"product_tag":[],"class_list":{"0":"post-92892","1":"product","2":"type-product","3":"status-publish","4":"has-post-thumbnail","6":"product_cat-accesorios-y-piezas-de-recambio-para-prensas","7":"pa_hersteller-draabe","8":"pa_typ-csv","10":"first","11":"instock","12":"sold-individually","13":"taxable","14":"shipping-taxable","15":"purchasable","16":"product-type-simple"},"jetpack_sharing_enabled":true,"_links":{"self":[{"href":"https:\/\/www.3p-gmbh.de\/es\/wp-json\/wp\/v2\/product\/92892","targetHints":{"allow":["GET"]}}],"collection":[{"href":"https:\/\/www.3p-gmbh.de\/es\/wp-json\/wp\/v2\/product"}],"about":[{"href":"https:\/\/www.3p-gmbh.de\/es\/wp-json\/wp\/v2\/types\/product"}],"wp:featuredmedia":[{"embeddable":true,"href":"https:\/\/www.3p-gmbh.de\/es\/wp-json\/wp\/v2\/media\/64492"}],"wp:attachment":[{"href":"https:\/\/www.3p-gmbh.de\/es\/wp-json\/wp\/v2\/media?parent=92892"}],"wp:term":[{"taxonomy":"product_brand","embeddable":true,"href":"https:\/\/www.3p-gmbh.de\/es\/wp-json\/wp\/v2\/product_brand?post=92892"},{"taxonomy":"product_cat","embeddable":true,"href":"https:\/\/www.3p-gmbh.de\/es\/wp-json\/wp\/v2\/product_cat?post=92892"},{"taxonomy":"product_tag","embeddable":true,"href":"https:\/\/www.3p-gmbh.de\/es\/wp-json\/wp\/v2\/product_tag?post=92892"}],"curies":[{"name":"wp","href":"https:\/\/api.w.org\/{rel}","templated":true}]}}