{"id":92885,"date":"2019-07-11T13:53:23","date_gmt":"2019-07-11T13:53:23","guid":{"rendered":"https:\/\/www.3p-gmbh.de\/produkt\/hatchet-man-roland-780-425-perforadora-de-planchas-de-impresion\/"},"modified":"2019-07-11T13:53:23","modified_gmt":"2019-07-11T13:53:23","slug":"punzon-para-planchas-de-impresion","status":"publish","type":"product","link":"https:\/\/www.3p-gmbh.de\/es\/produkt\/punzon-para-planchas-de-impresion\/","title":{"rendered":"Hatchet\/MAN Roland 780-425 Perforadora de planchas de impresi\u00f3n"},"content":{"rendered":"<ul>\n<li>Perforadora de planchas para MAN Roland 300-500-700-900 con Autoplatesystem APL y registro de pel\u00edcula Graphometronic<\/li>\n<li>adecuado para planchas de sistemas CtP, pero tambi\u00e9n para m\u00e1quinas Heidelberg de las series 52, 74, 102 y XL y m\u00e1quinas KBA Rapida 74, 75, 105, 130<\/li>\n<\/ul>\n","protected":false},"excerpt":{"rendered":"<p>Perforadora de planchas para MAN Roland 300-500-700-900 con Autoplatesystem APL y registro de pel\u00edcula Graphometronic adecuado para planchas de sistemas CtP, pero tambi\u00e9n para m\u00e1quinas Heidelberg de las series 52, 74, 102 y XL y m\u00e1quinas KBA Rapida 74, 75, 105, 130<\/p>\n","protected":false},"featured_media":64510,"template":"","meta":[],"product_brand":[],"product_cat":[2899],"product_tag":[],"class_list":{"0":"post-92885","1":"product","2":"type-product","3":"status-publish","4":"has-post-thumbnail","6":"product_cat-accesorios-y-piezas-de-recambio-para-prensas","7":"pa_baujahr-130","8":"pa_hersteller-beil-manroland","9":"pa_typ-780-425-s-h-ap2-ctp","11":"first","12":"instock","13":"sold-individually","14":"taxable","15":"shipping-taxable","16":"purchasable","17":"product-type-simple"},"jetpack_sharing_enabled":true,"_links":{"self":[{"href":"https:\/\/www.3p-gmbh.de\/es\/wp-json\/wp\/v2\/product\/92885","targetHints":{"allow":["GET"]}}],"collection":[{"href":"https:\/\/www.3p-gmbh.de\/es\/wp-json\/wp\/v2\/product"}],"about":[{"href":"https:\/\/www.3p-gmbh.de\/es\/wp-json\/wp\/v2\/types\/product"}],"wp:featuredmedia":[{"embeddable":true,"href":"https:\/\/www.3p-gmbh.de\/es\/wp-json\/wp\/v2\/media\/64510"}],"wp:attachment":[{"href":"https:\/\/www.3p-gmbh.de\/es\/wp-json\/wp\/v2\/media?parent=92885"}],"wp:term":[{"taxonomy":"product_brand","embeddable":true,"href":"https:\/\/www.3p-gmbh.de\/es\/wp-json\/wp\/v2\/product_brand?post=92885"},{"taxonomy":"product_cat","embeddable":true,"href":"https:\/\/www.3p-gmbh.de\/es\/wp-json\/wp\/v2\/product_cat?post=92885"},{"taxonomy":"product_tag","embeddable":true,"href":"https:\/\/www.3p-gmbh.de\/es\/wp-json\/wp\/v2\/product_tag?post=92885"}],"curies":[{"name":"wp","href":"https:\/\/api.w.org\/{rel}","templated":true}]}}