{"id":92872,"date":"2019-07-11T13:53:23","date_gmt":"2019-07-11T13:53:23","guid":{"rendered":"https:\/\/www.3p-gmbh.de\/produkt\/punzon-para-planchas-de-impresion-hatchet-1200-s-m\/"},"modified":"2019-07-11T13:53:23","modified_gmt":"2019-07-11T13:53:23","slug":"placa-punch-5","status":"publish","type":"product","link":"https:\/\/www.3p-gmbh.de\/es\/produkt\/placa-punch-5\/","title":{"rendered":"Punz\u00f3n para planchas de impresi\u00f3n Hatchet 1200-S-M"},"content":{"rendered":"<ul>\n<li>Punz\u00f3n de chapa con perforaci\u00f3n de 780 mm, centrado central y control el\u00e9ctrico de parada para los registros de pel\u00edcula Roland 330\/700\/800\/900 y Grapho Metronic<\/li>\n<li>para planchas producidas en sistemas CTP, pero tambi\u00e9n para m\u00e1quinas Heidelberg de las series 52, 74, 102, 142 y XL y m\u00e1quinas KBA Rapida 74\/105\/106\/130a\/130 y 142<\/li>\n<\/ul>\n","protected":false},"excerpt":{"rendered":"<p>Punz\u00f3n de chapa con perforaci\u00f3n de 780 mm, centrado central y control el\u00e9ctrico de parada para los registros de pel\u00edcula Roland 330\/700\/800\/900 y Grapho Metronic para planchas producidas en sistemas CTP, pero tambi\u00e9n para m\u00e1quinas Heidelberg de las series 52, 74, 102, 142 y XL y m\u00e1quinas KBA Rapida 74\/105\/106\/130a\/130 y 142<\/p>\n","protected":false},"featured_media":64558,"template":"","meta":[],"product_brand":[],"product_cat":[2899],"product_tag":[],"class_list":{"0":"post-92872","1":"product","2":"type-product","3":"status-publish","4":"has-post-thumbnail","6":"product_cat-accesorios-y-piezas-de-recambio-para-prensas","7":"pa_baujahr-123","8":"pa_hersteller-beil-grapho-metronic-man","9":"pa_typ-1200-s-m","11":"first","12":"instock","13":"sold-individually","14":"taxable","15":"shipping-taxable","16":"purchasable","17":"product-type-simple"},"jetpack_sharing_enabled":true,"_links":{"self":[{"href":"https:\/\/www.3p-gmbh.de\/es\/wp-json\/wp\/v2\/product\/92872","targetHints":{"allow":["GET"]}}],"collection":[{"href":"https:\/\/www.3p-gmbh.de\/es\/wp-json\/wp\/v2\/product"}],"about":[{"href":"https:\/\/www.3p-gmbh.de\/es\/wp-json\/wp\/v2\/types\/product"}],"wp:featuredmedia":[{"embeddable":true,"href":"https:\/\/www.3p-gmbh.de\/es\/wp-json\/wp\/v2\/media\/64558"}],"wp:attachment":[{"href":"https:\/\/www.3p-gmbh.de\/es\/wp-json\/wp\/v2\/media?parent=92872"}],"wp:term":[{"taxonomy":"product_brand","embeddable":true,"href":"https:\/\/www.3p-gmbh.de\/es\/wp-json\/wp\/v2\/product_brand?post=92872"},{"taxonomy":"product_cat","embeddable":true,"href":"https:\/\/www.3p-gmbh.de\/es\/wp-json\/wp\/v2\/product_cat?post=92872"},{"taxonomy":"product_tag","embeddable":true,"href":"https:\/\/www.3p-gmbh.de\/es\/wp-json\/wp\/v2\/product_tag?post=92872"}],"curies":[{"name":"wp","href":"https:\/\/api.w.org\/{rel}","templated":true}]}}