{"id":92864,"date":"2019-07-11T13:53:23","date_gmt":"2019-07-11T13:53:23","guid":{"rendered":"https:\/\/www.3p-gmbh.de\/produkt\/sistema-de-tratamiento-de-agua-pura-draabe-di-puls\/"},"modified":"2019-07-11T13:53:23","modified_gmt":"2019-07-11T13:53:23","slug":"draabe-sistema-de-tratamiento-de-agua-limpia","status":"publish","type":"product","link":"https:\/\/www.3p-gmbh.de\/es\/produkt\/draabe-sistema-de-tratamiento-de-agua-limpia\/","title":{"rendered":"Sistema de tratamiento de agua pura Draabe DI-Puls"},"content":{"rendered":"<p>El sistema de tratamiento de agua con sistema de humidificaci\u00f3n de aire DI-Puls para el suministro de agua de proceso y sistema de humidificaci\u00f3n de aire en la sala de impresi\u00f3n del a\u00f1o de construcci\u00f3n 2003 est\u00e1 dise\u00f1ado para una nave de aprox. 3000 metros cuadrados, que consta de:<\/p>\n<ul>\n<li>Carril de instalaci\u00f3n<\/li>\n<li>Descalcificador AC 40-100<\/li>\n<li>1 Memoria de expansi\u00f3n<\/li>\n<li>Dep\u00f3sito de agua pura de 400 litros con presi\u00f3n de funcionamiento de 10 bares<\/li>\n<li>Dosificaci\u00f3n para Aqua Plus DOS 05 D 100R<\/li>\n<li>Unidad de indicaci\u00f3n de aver\u00edas por impulsos DI<\/li>\n<li>3 Hygrostats SA para el seguimiento metrol\u00f3gico<\/li>\n<li>Tuber\u00edas (desmontadas)<\/li>\n<li>7 uds. Nebulizador de agua pura a alta presi\u00f3n DRAABE DI-Flex HT incluido soporte mural<\/li>\n<li>sin l\u00ednea de aire comprimido ni cableado<\/li>\n<\/ul>\n<p>Atenci\u00f3n: El contenedor de agua limpia Concept 2000 tipo CSF 2121, as\u00ed como el sistema de alta presi\u00f3n Draabe HPS 200 tienen que ser alquilados por separado de Draabe y luego ser\u00e1n intercambiados cada 6-8 meses en una sola pieza para el mantenimiento, el alquiler en Alemania es de unos 200 euros al mes, incluyendo el mantenimiento de los dos contenedores.<\/p>\n","protected":false},"excerpt":{"rendered":"<p>El sistema de tratamiento de agua con sistema de humidificaci\u00f3n de aire DI-Puls para el suministro de agua de proceso y sistema de humidificaci\u00f3n de aire en la sala de impresi\u00f3n del a\u00f1o de construcci\u00f3n 2003 est\u00e1 dise\u00f1ado para una nave de aprox. 3000 metros cuadrados, que consta de: Carril de instalaci\u00f3n Descalcificador AC 40-100 [&hellip;]<\/p>\n","protected":false},"featured_media":64528,"template":"","meta":[],"product_brand":[],"product_cat":[2899],"product_tag":[],"class_list":{"0":"post-92864","1":"product","2":"type-product","3":"status-publish","4":"has-post-thumbnail","6":"product_cat-accesorios-y-piezas-de-recambio-para-prensas","7":"pa_baujahr-182","8":"pa_hersteller-draabe","9":"pa_typ-luftbefeuchtungssystem-di-puls","11":"first","12":"instock","13":"sold-individually","14":"taxable","15":"shipping-taxable","16":"purchasable","17":"product-type-simple"},"jetpack_sharing_enabled":true,"_links":{"self":[{"href":"https:\/\/www.3p-gmbh.de\/es\/wp-json\/wp\/v2\/product\/92864","targetHints":{"allow":["GET"]}}],"collection":[{"href":"https:\/\/www.3p-gmbh.de\/es\/wp-json\/wp\/v2\/product"}],"about":[{"href":"https:\/\/www.3p-gmbh.de\/es\/wp-json\/wp\/v2\/types\/product"}],"wp:featuredmedia":[{"embeddable":true,"href":"https:\/\/www.3p-gmbh.de\/es\/wp-json\/wp\/v2\/media\/64528"}],"wp:attachment":[{"href":"https:\/\/www.3p-gmbh.de\/es\/wp-json\/wp\/v2\/media?parent=92864"}],"wp:term":[{"taxonomy":"product_brand","embeddable":true,"href":"https:\/\/www.3p-gmbh.de\/es\/wp-json\/wp\/v2\/product_brand?post=92864"},{"taxonomy":"product_cat","embeddable":true,"href":"https:\/\/www.3p-gmbh.de\/es\/wp-json\/wp\/v2\/product_cat?post=92864"},{"taxonomy":"product_tag","embeddable":true,"href":"https:\/\/www.3p-gmbh.de\/es\/wp-json\/wp\/v2\/product_tag?post=92864"}],"curies":[{"name":"wp","href":"https:\/\/api.w.org\/{rel}","templated":true}]}}