{"id":92850,"date":"2019-07-11T13:53:00","date_gmt":"2019-07-11T13:53:00","guid":{"rendered":"https:\/\/www.3p-gmbh.de\/produkt\/desenrollado-de-bobinas-ehret-uw-720\/"},"modified":"2019-07-11T13:53:00","modified_gmt":"2019-07-11T13:53:00","slug":"manipulacion-de-rollos","status":"publish","type":"product","link":"https:\/\/www.3p-gmbh.de\/es\/produkt\/manipulacion-de-rollos\/","title":{"rendered":"Desenrollado de bobinas Ehret UW 720"},"content":{"rendered":"<ul>\n<li>Desenrollado de bobina con control de borde de banda Elguide mediante rodillos bailarines<\/li>\n<li>N\u00facleo de sujeci\u00f3n neum\u00e1tico<\/li>\n<li>Ancho de rollo de hasta 720 mm<\/li>\n<\/ul>\n","protected":false},"excerpt":{"rendered":"<p>Desenrollado de bobina con control de borde de banda Elguide mediante rodillos bailarines N\u00facleo de sujeci\u00f3n neum\u00e1tico Ancho de rollo de hasta 720 mm<\/p>\n","protected":false},"featured_media":64096,"template":"","meta":[],"product_brand":[],"product_cat":[2899],"product_tag":[],"class_list":{"0":"post-92850","1":"product","2":"type-product","3":"status-publish","4":"has-post-thumbnail","6":"product_cat-accesorios-y-piezas-de-recambio-para-prensas","7":"pa_baujahr-198","8":"pa_hersteller-ehret-mbo","9":"pa_typ-uw-720","11":"first","12":"instock","13":"sold-individually","14":"taxable","15":"shipping-taxable","16":"purchasable","17":"product-type-simple"},"jetpack_sharing_enabled":true,"_links":{"self":[{"href":"https:\/\/www.3p-gmbh.de\/es\/wp-json\/wp\/v2\/product\/92850","targetHints":{"allow":["GET"]}}],"collection":[{"href":"https:\/\/www.3p-gmbh.de\/es\/wp-json\/wp\/v2\/product"}],"about":[{"href":"https:\/\/www.3p-gmbh.de\/es\/wp-json\/wp\/v2\/types\/product"}],"wp:featuredmedia":[{"embeddable":true,"href":"https:\/\/www.3p-gmbh.de\/es\/wp-json\/wp\/v2\/media\/64096"}],"wp:attachment":[{"href":"https:\/\/www.3p-gmbh.de\/es\/wp-json\/wp\/v2\/media?parent=92850"}],"wp:term":[{"taxonomy":"product_brand","embeddable":true,"href":"https:\/\/www.3p-gmbh.de\/es\/wp-json\/wp\/v2\/product_brand?post=92850"},{"taxonomy":"product_cat","embeddable":true,"href":"https:\/\/www.3p-gmbh.de\/es\/wp-json\/wp\/v2\/product_cat?post=92850"},{"taxonomy":"product_tag","embeddable":true,"href":"https:\/\/www.3p-gmbh.de\/es\/wp-json\/wp\/v2\/product_tag?post=92850"}],"curies":[{"name":"wp","href":"https:\/\/api.w.org\/{rel}","templated":true}]}}