{"id":92848,"date":"2019-07-11T13:53:00","date_gmt":"2019-07-11T13:53:00","guid":{"rendered":"https:\/\/www.3p-gmbh.de\/produkt\/volteadora-de-pilas-busch-swh-90-la\/"},"modified":"2019-07-11T13:53:00","modified_gmt":"2019-07-11T13:53:00","slug":"volteador-de-pilas","status":"publish","type":"product","link":"https:\/\/www.3p-gmbh.de\/es\/produkt\/volteador-de-pilas\/","title":{"rendered":"Volteadora de pilas Busch SWH 90 LA"},"content":{"rendered":"<ul>\n<li>Plataforma con placas de alivio de presi\u00f3n<\/li>\n<li>Dispositivo de ventilaci\u00f3n con regulaci\u00f3n de aire<\/li>\n<li>Dispositivo de inclinaci\u00f3n 15 grados, con regla de alineaci\u00f3n<\/li>\n<li>Formato utilizable 600 x 750 mm<\/li>\n<li>Altura de apilado m\u00e1x. 1200 mm<\/li>\n<li>Altura de apilado m\u00edn. 290 mm<\/li>\n<li>Peso de apilado 500 kg<\/li>\n<li>con panel de control giratorio<\/li>\n<\/ul>\n","protected":false},"excerpt":{"rendered":"<p>Plataforma con placas de alivio de presi\u00f3n Dispositivo de ventilaci\u00f3n con regulaci\u00f3n de aire Dispositivo de inclinaci\u00f3n 15 grados, con regla de alineaci\u00f3n Formato utilizable 600 x 750 mm Altura de apilado m\u00e1x. 1200 mm Altura de apilado m\u00edn. 290 mm Peso de apilado 500 kg con panel de control giratorio<\/p>\n","protected":false},"featured_media":64084,"template":"","meta":[],"product_brand":[],"product_cat":[2900],"product_tag":[],"class_list":{"0":"post-92848","1":"product","2":"type-product","3":"status-publish","4":"has-post-thumbnail","6":"product_cat-volteador-de-pilas","7":"pa_baujahr-188","8":"pa_hersteller-buschgraph","9":"pa_typ-swh-90-la","11":"first","12":"instock","13":"sold-individually","14":"taxable","15":"shipping-taxable","16":"purchasable","17":"product-type-simple"},"jetpack_sharing_enabled":true,"_links":{"self":[{"href":"https:\/\/www.3p-gmbh.de\/es\/wp-json\/wp\/v2\/product\/92848","targetHints":{"allow":["GET"]}}],"collection":[{"href":"https:\/\/www.3p-gmbh.de\/es\/wp-json\/wp\/v2\/product"}],"about":[{"href":"https:\/\/www.3p-gmbh.de\/es\/wp-json\/wp\/v2\/types\/product"}],"wp:featuredmedia":[{"embeddable":true,"href":"https:\/\/www.3p-gmbh.de\/es\/wp-json\/wp\/v2\/media\/64084"}],"wp:attachment":[{"href":"https:\/\/www.3p-gmbh.de\/es\/wp-json\/wp\/v2\/media?parent=92848"}],"wp:term":[{"taxonomy":"product_brand","embeddable":true,"href":"https:\/\/www.3p-gmbh.de\/es\/wp-json\/wp\/v2\/product_brand?post=92848"},{"taxonomy":"product_cat","embeddable":true,"href":"https:\/\/www.3p-gmbh.de\/es\/wp-json\/wp\/v2\/product_cat?post=92848"},{"taxonomy":"product_tag","embeddable":true,"href":"https:\/\/www.3p-gmbh.de\/es\/wp-json\/wp\/v2\/product_tag?post=92848"}],"curies":[{"name":"wp","href":"https:\/\/api.w.org\/{rel}","templated":true}]}}