{"id":92846,"date":"2019-07-11T13:53:23","date_gmt":"2019-07-11T13:53:23","guid":{"rendered":"https:\/\/www.3p-gmbh.de\/produkt\/unidad-de-recubrimiento-en-linea-laco-sp-52-pm\/"},"modified":"2019-07-11T13:53:23","modified_gmt":"2019-07-11T13:53:23","slug":"taller-de-pintura-en-linea","status":"publish","type":"product","link":"https:\/\/www.3p-gmbh.de\/es\/produkt\/taller-de-pintura-en-linea\/","title":{"rendered":"Unidad de recubrimiento en l\u00ednea LACO SP 52 PM"},"content":{"rendered":"<ul>\n<li>Kit de reequipamiento para unidad de recubrimiento en l\u00ednea para recubrimiento por dispersi\u00f3n incl. Secadora, etc.<\/li>\n<li>Adecuado para prensas Printmaster versi\u00f3n PM Plus<\/li>\n<li>superficie m\u00e1xima de pintura 490 x 340 mm<\/li>\n<li>Borde de agarre aprox. 12 mm<\/li>\n<li>Velocidad de pintura 8.000 b\/h<\/li>\n<li>para lacas de dispersi\u00f3n y bl\u00edster<\/li>\n<li>Viscosidades de las lacas 30-40 s DIN 4<\/li>\n<\/ul>\n","protected":false},"excerpt":{"rendered":"<p>Kit de reequipamiento para unidad de recubrimiento en l\u00ednea para recubrimiento por dispersi\u00f3n incl. Secadora, etc. Adecuado para prensas Printmaster versi\u00f3n PM Plus superficie m\u00e1xima de pintura 490 x 340 mm Borde de agarre aprox. 12 mm Velocidad de pintura 8.000 b\/h para lacas de dispersi\u00f3n y bl\u00edster Viscosidades de las lacas 30-40 s DIN [&hellip;]<\/p>\n","protected":false},"featured_media":64582,"template":"","meta":[],"product_brand":[],"product_cat":[2899],"product_tag":[],"class_list":{"0":"post-92846","1":"product","2":"type-product","3":"status-publish","4":"has-post-thumbnail","6":"product_cat-accesorios-y-piezas-de-recambio-para-prensas","7":"pa_baujahr-198","8":"pa_hersteller-laco","9":"pa_typ-sp-52-pm","11":"first","12":"instock","13":"sold-individually","14":"taxable","15":"shipping-taxable","16":"purchasable","17":"product-type-simple"},"jetpack_sharing_enabled":true,"_links":{"self":[{"href":"https:\/\/www.3p-gmbh.de\/es\/wp-json\/wp\/v2\/product\/92846","targetHints":{"allow":["GET"]}}],"collection":[{"href":"https:\/\/www.3p-gmbh.de\/es\/wp-json\/wp\/v2\/product"}],"about":[{"href":"https:\/\/www.3p-gmbh.de\/es\/wp-json\/wp\/v2\/types\/product"}],"wp:featuredmedia":[{"embeddable":true,"href":"https:\/\/www.3p-gmbh.de\/es\/wp-json\/wp\/v2\/media\/64582"}],"wp:attachment":[{"href":"https:\/\/www.3p-gmbh.de\/es\/wp-json\/wp\/v2\/media?parent=92846"}],"wp:term":[{"taxonomy":"product_brand","embeddable":true,"href":"https:\/\/www.3p-gmbh.de\/es\/wp-json\/wp\/v2\/product_brand?post=92846"},{"taxonomy":"product_cat","embeddable":true,"href":"https:\/\/www.3p-gmbh.de\/es\/wp-json\/wp\/v2\/product_cat?post=92846"},{"taxonomy":"product_tag","embeddable":true,"href":"https:\/\/www.3p-gmbh.de\/es\/wp-json\/wp\/v2\/product_tag?post=92846"}],"curies":[{"name":"wp","href":"https:\/\/api.w.org\/{rel}","templated":true}]}}