{"id":92842,"date":"2019-07-11T13:53:00","date_gmt":"2019-07-11T13:53:00","guid":{"rendered":"https:\/\/www.3p-gmbh.de\/produkt\/sistema-de-guiado-web-elguider\/"},"modified":"2019-07-11T13:53:00","modified_gmt":"2019-07-11T13:53:00","slug":"sistema-de-guiado-de-la-banda","status":"publish","type":"product","link":"https:\/\/www.3p-gmbh.de\/es\/produkt\/sistema-de-guiado-de-la-banda\/","title":{"rendered":"Sistema de guiado web Elguider"},"content":{"rendered":"<p>El sistema de guiado de banda ELGUIDER con control DCS tiene una anchura de trabajo de 800 mm. La eliminaci\u00f3n de las variables que influyen en el error, la alineaci\u00f3n permanente de la posici\u00f3n exacta de la banda, as\u00ed como la garant\u00eda de una acumulaci\u00f3n de bobinado precisa es la tarea de este sistema.<\/p>\n","protected":false},"excerpt":{"rendered":"<p>El sistema de guiado de banda ELGUIDER con control DCS tiene una anchura de trabajo de 800 mm. La eliminaci\u00f3n de las variables que influyen en el error, la alineaci\u00f3n permanente de la posici\u00f3n exacta de la banda, as\u00ed como la garant\u00eda de una acumulaci\u00f3n de bobinado precisa es la tarea de este sistema.<\/p>\n","protected":false},"featured_media":64111,"template":"","meta":[],"product_brand":[],"product_cat":[2899],"product_tag":[],"class_list":{"0":"post-92842","1":"product","2":"type-product","3":"status-publish","4":"has-post-thumbnail","6":"product_cat-accesorios-y-piezas-de-recambio-para-prensas","7":"pa_baujahr-198","8":"pa_hersteller-erhardtleimer-gmbh","9":"pa_typ-elguider","11":"first","12":"instock","13":"sold-individually","14":"taxable","15":"shipping-taxable","16":"purchasable","17":"product-type-simple"},"jetpack_sharing_enabled":true,"_links":{"self":[{"href":"https:\/\/www.3p-gmbh.de\/es\/wp-json\/wp\/v2\/product\/92842","targetHints":{"allow":["GET"]}}],"collection":[{"href":"https:\/\/www.3p-gmbh.de\/es\/wp-json\/wp\/v2\/product"}],"about":[{"href":"https:\/\/www.3p-gmbh.de\/es\/wp-json\/wp\/v2\/types\/product"}],"wp:featuredmedia":[{"embeddable":true,"href":"https:\/\/www.3p-gmbh.de\/es\/wp-json\/wp\/v2\/media\/64111"}],"wp:attachment":[{"href":"https:\/\/www.3p-gmbh.de\/es\/wp-json\/wp\/v2\/media?parent=92842"}],"wp:term":[{"taxonomy":"product_brand","embeddable":true,"href":"https:\/\/www.3p-gmbh.de\/es\/wp-json\/wp\/v2\/product_brand?post=92842"},{"taxonomy":"product_cat","embeddable":true,"href":"https:\/\/www.3p-gmbh.de\/es\/wp-json\/wp\/v2\/product_cat?post=92842"},{"taxonomy":"product_tag","embeddable":true,"href":"https:\/\/www.3p-gmbh.de\/es\/wp-json\/wp\/v2\/product_tag?post=92842"}],"curies":[{"name":"wp","href":"https:\/\/api.w.org\/{rel}","templated":true}]}}