{"id":92831,"date":"2019-07-11T13:53:00","date_gmt":"2019-07-11T13:53:00","guid":{"rendered":"https:\/\/www.3p-gmbh.de\/produkt\/punzon-para-planchas-de-impresion-de-gran-formato-hatchet-1200-780\/"},"modified":"2019-07-11T13:53:00","modified_gmt":"2019-07-11T13:53:00","slug":"perforadora-de-placas-de-gran-formato","status":"publish","type":"product","link":"https:\/\/www.3p-gmbh.de\/es\/produkt\/perforadora-de-placas-de-gran-formato\/","title":{"rendered":"Punz\u00f3n para planchas de impresi\u00f3n de gran formato Hatchet 1200-780"},"content":{"rendered":"<ul>\n<li>Punzonadora neum\u00e1tica de chapa con punzonado autom\u00e1tico de 1200 y 780 mm<\/li>\n<li>con centrado central y mando de parada el\u00e9ctrico<\/li>\n<li>para Heidelberg XL 145, XL 165<\/li>\n<li>para paneles fabricados con el sistema CtP de hasta 173 cm de ancho<\/li>\n<\/ul>\n","protected":false},"excerpt":{"rendered":"<p>Punzonadora neum\u00e1tica de chapa con punzonado autom\u00e1tico de 1200 y 780 mm con centrado central y mando de parada el\u00e9ctrico para Heidelberg XL 145, XL 165 para paneles fabricados con el sistema CtP de hasta 173 cm de ancho<\/p>\n","protected":false},"featured_media":64165,"template":"","meta":[],"product_brand":[],"product_cat":[2899],"product_tag":[],"class_list":{"0":"post-92831","1":"product","2":"type-product","3":"status-publish","4":"has-post-thumbnail","6":"product_cat-accesorios-y-piezas-de-recambio-para-prensas","7":"pa_baujahr-326","8":"pa_hersteller-beil","9":"pa_typ-1200-780-748-s-apl2-p","11":"first","12":"instock","13":"sold-individually","14":"taxable","15":"shipping-taxable","16":"purchasable","17":"product-type-simple"},"jetpack_sharing_enabled":true,"_links":{"self":[{"href":"https:\/\/www.3p-gmbh.de\/es\/wp-json\/wp\/v2\/product\/92831","targetHints":{"allow":["GET"]}}],"collection":[{"href":"https:\/\/www.3p-gmbh.de\/es\/wp-json\/wp\/v2\/product"}],"about":[{"href":"https:\/\/www.3p-gmbh.de\/es\/wp-json\/wp\/v2\/types\/product"}],"wp:featuredmedia":[{"embeddable":true,"href":"https:\/\/www.3p-gmbh.de\/es\/wp-json\/wp\/v2\/media\/64165"}],"wp:attachment":[{"href":"https:\/\/www.3p-gmbh.de\/es\/wp-json\/wp\/v2\/media?parent=92831"}],"wp:term":[{"taxonomy":"product_brand","embeddable":true,"href":"https:\/\/www.3p-gmbh.de\/es\/wp-json\/wp\/v2\/product_brand?post=92831"},{"taxonomy":"product_cat","embeddable":true,"href":"https:\/\/www.3p-gmbh.de\/es\/wp-json\/wp\/v2\/product_cat?post=92831"},{"taxonomy":"product_tag","embeddable":true,"href":"https:\/\/www.3p-gmbh.de\/es\/wp-json\/wp\/v2\/product_tag?post=92831"}],"curies":[{"name":"wp","href":"https:\/\/api.w.org\/{rel}","templated":true}]}}