{"id":92824,"date":"2019-07-11T13:53:00","date_gmt":"2019-07-11T13:53:00","guid":{"rendered":"https:\/\/www.3p-gmbh.de\/produkt\/alimentador-de-sobres-pgf-maxifeeder\/"},"modified":"2019-07-11T13:53:00","modified_gmt":"2019-07-11T13:53:00","slug":"alimentador-de-sobres","status":"publish","type":"product","link":"https:\/\/www.3p-gmbh.de\/es\/produkt\/alimentador-de-sobres\/","title":{"rendered":"Alimentador de sobres PGF Maxifeeder"},"content":{"rendered":"<p>El alimentador de sobres m\u00e1s eficaz del mundo. La gama de formatos de hasta 44 x 50 cm y el gran tambor de transporte permiten imprimir sobres especialmente dif\u00edciles y bolsas de correo C4\/ B4 con solapa abierta. El alto nivel de automatizaci\u00f3n garantiza los cambios de formato m\u00e1s r\u00e1pidos, incluso en tiradas peque\u00f1as y cambiantes.<\/p>\n<p>&#8211; Min. Formato 100 x 105 mm<br \/>\n&#8211; Max. Formato 450 x 500 mm<br \/>\n&#8211; Espacio necesario: m\u00edn. 1,20 m<\/p>\n<p>Tambor de aspiraci\u00f3n<br \/>\nEl tambor de succi\u00f3n especialmente desarrollado est\u00e1 equipado con un segundo eje giratorio para sobres especialmente gruesos y duros.<\/p>\n<p>Cilindro de transporte<br \/>\nEl cilindro de transporte especialmente grande con 240 mm de di\u00e1metro y descarga transporta incluso sobres y bolsas de env\u00edo grandes y dif\u00edciles.<\/p>\n<p>Correcci\u00f3n de escala<br \/>\nCompensa las irregularidades de la escala en la mesa de inserci\u00f3n.<\/p>\n<p>Control de la pila<br \/>\nDoble funci\u00f3n de aviso de par de apilado y ralent\u00ed con se\u00f1al de entrega.<br \/>\nEl control de pila es el m\u00f3dulo de comunicaci\u00f3n entre el alimentador y la salida. Si la pila es demasiado baja, se avisa autom\u00e1ticamente a la impresora de que hay que volver a cargar sobres.<\/p>\n<p>Sistema de entrega de cobertizos B<br \/>\nCinco cintas transportadoras, ra\u00edles gu\u00eda adicionales y una construcci\u00f3n estable conforman el elevado est\u00e1ndar de la entrega del Sistema B.<\/p>\n<p>Dimensiones: Largo 135 cm, ancho 40 cm, alto 40 &#8211; 75 cm<br \/>\nLongitud del sobre hasta 450 mm<br \/>\nAltura regulable<\/p>\n<p>Funci\u00f3n de expulsi\u00f3n r\u00e1pida<br \/>\nExpulsi\u00f3n \u00fanica por adelantado como muestra para comprobaci\u00f3n.<\/p>\n<p>Autostop<br \/>\nParada y arranque autom\u00e1ticos con la prensa.<\/p>\n","protected":false},"excerpt":{"rendered":"<p>El alimentador de sobres m\u00e1s eficaz del mundo. La gama de formatos de hasta 44 x 50 cm y el gran tambor de transporte permiten imprimir sobres especialmente dif\u00edciles y bolsas de correo C4\/ B4 con solapa abierta. El alto nivel de automatizaci\u00f3n garantiza los cambios de formato m\u00e1s r\u00e1pidos, incluso en tiradas peque\u00f1as y [&hellip;]<\/p>\n","protected":false},"featured_media":64183,"template":"","meta":[],"product_brand":[],"product_cat":[3022],"product_tag":[],"class_list":{"0":"post-92824","1":"product","2":"type-product","3":"status-publish","4":"has-post-thumbnail","6":"product_cat-inversores","7":"pa_baujahr-165","8":"pa_hersteller-pgf","9":"pa_typ-maxi-feeder-50","11":"first","12":"instock","13":"sold-individually","14":"taxable","15":"shipping-taxable","16":"purchasable","17":"product-type-simple"},"jetpack_sharing_enabled":true,"_links":{"self":[{"href":"https:\/\/www.3p-gmbh.de\/es\/wp-json\/wp\/v2\/product\/92824","targetHints":{"allow":["GET"]}}],"collection":[{"href":"https:\/\/www.3p-gmbh.de\/es\/wp-json\/wp\/v2\/product"}],"about":[{"href":"https:\/\/www.3p-gmbh.de\/es\/wp-json\/wp\/v2\/types\/product"}],"wp:featuredmedia":[{"embeddable":true,"href":"https:\/\/www.3p-gmbh.de\/es\/wp-json\/wp\/v2\/media\/64183"}],"wp:attachment":[{"href":"https:\/\/www.3p-gmbh.de\/es\/wp-json\/wp\/v2\/media?parent=92824"}],"wp:term":[{"taxonomy":"product_brand","embeddable":true,"href":"https:\/\/www.3p-gmbh.de\/es\/wp-json\/wp\/v2\/product_brand?post=92824"},{"taxonomy":"product_cat","embeddable":true,"href":"https:\/\/www.3p-gmbh.de\/es\/wp-json\/wp\/v2\/product_cat?post=92824"},{"taxonomy":"product_tag","embeddable":true,"href":"https:\/\/www.3p-gmbh.de\/es\/wp-json\/wp\/v2\/product_tag?post=92824"}],"curies":[{"name":"wp","href":"https:\/\/api.w.org\/{rel}","templated":true}]}}