{"id":92812,"date":"2019-07-11T13:53:09","date_gmt":"2019-07-11T13:53:09","guid":{"rendered":"https:\/\/www.3p-gmbh.de\/produkt\/manometro-de-rodillos-diginip\/"},"modified":"2019-07-11T13:53:09","modified_gmt":"2019-07-11T13:53:09","slug":"manometro-de-rodillos","status":"publish","type":"product","link":"https:\/\/www.3p-gmbh.de\/es\/produkt\/manometro-de-rodillos\/","title":{"rendered":"Man\u00f3metro de rodillos Diginip"},"content":{"rendered":"<p>Control preciso, sencillo y reproducible del ajuste de los rodillos de entintado y mojado en m\u00e1quinas de impresi\u00f3n -con valor medido digital, adaptado a la moderna tecnolog\u00eda de impresi\u00f3n- para una mejor calidad de impresi\u00f3n con un mojado \u00f3ptimo. Unos rodillos bien ajustados son la base de una calidad de impresi\u00f3n buena y uniforme y ayudan a evitar dificultades de impresi\u00f3n. Incluso las imprentas m\u00e1s modernas requieren rodillos ajustados con precisi\u00f3n. El inc\u00f3modo control con las tiras de papel sobre rodillos entintados no encaja con la tecnolog\u00eda de impresi\u00f3n moderna y es subjetivo. Un valor medido digital con una desviaci\u00f3n m\u00ednima permite un ajuste seguro y reproducible de los rodillos para la seguridad de funcionamiento necesaria, para una calidad de impresi\u00f3n \u00f3ptima y un uso cuidadoso de los rodillos. Los rodillos bien ajustados viven m\u00e1s. La impresi\u00f3n con alcohol reducido s\u00f3lo es posible con buenos rodillos y con un ajuste correcto de los rodillos de mojado. Los rodillos de mojado que cambian su circunferencia debido a la influencia del aditivo de la soluci\u00f3n de mojado y el alcohol son una raz\u00f3n com\u00fan por la que las formas de impresi\u00f3n dif\u00edciles no pueden imprimirse con un uso m\u00ednimo o sin alcohol. Por lo tanto, el ajuste de los rodillos amortiguadores tiene una importancia decisiva para poder reducir o sustituir por completo el alcohol y, con ello, los COV.<\/p>\n<p>Volumen de suministro:<\/p>\n<ul>\n<li>Dispositivo de medici\u00f3n DigiNip<\/li>\n<li>2 cables en espiral de 1,5 m<\/li>\n<li>2 leng\u00fcetas de medici\u00f3n del sensor<\/li>\n<li>1 Malet\u00edn de transporte<\/li>\n<\/ul>\n","protected":false},"excerpt":{"rendered":"<p>Control preciso, sencillo y reproducible del ajuste de los rodillos de entintado y mojado en m\u00e1quinas de impresi\u00f3n -con valor medido digital, adaptado a la moderna tecnolog\u00eda de impresi\u00f3n- para una mejor calidad de impresi\u00f3n con un mojado \u00f3ptimo. Unos rodillos bien ajustados son la base de una calidad de impresi\u00f3n buena y uniforme y [&hellip;]<\/p>\n","protected":false},"featured_media":64270,"template":"","meta":[],"product_brand":[],"product_cat":[2933],"product_tag":[],"class_list":{"0":"post-92812","1":"product","2":"type-product","3":"status-publish","4":"has-post-thumbnail","6":"product_cat-instrumentos-de-medida-y-control-de-calidad","7":"pa_baujahr-452","8":"pa_hersteller-quick-check","9":"pa_typ-diginip","11":"first","12":"instock","13":"sold-individually","14":"taxable","15":"shipping-taxable","16":"purchasable","17":"product-type-simple"},"jetpack_sharing_enabled":true,"_links":{"self":[{"href":"https:\/\/www.3p-gmbh.de\/es\/wp-json\/wp\/v2\/product\/92812","targetHints":{"allow":["GET"]}}],"collection":[{"href":"https:\/\/www.3p-gmbh.de\/es\/wp-json\/wp\/v2\/product"}],"about":[{"href":"https:\/\/www.3p-gmbh.de\/es\/wp-json\/wp\/v2\/types\/product"}],"wp:featuredmedia":[{"embeddable":true,"href":"https:\/\/www.3p-gmbh.de\/es\/wp-json\/wp\/v2\/media\/64270"}],"wp:attachment":[{"href":"https:\/\/www.3p-gmbh.de\/es\/wp-json\/wp\/v2\/media?parent=92812"}],"wp:term":[{"taxonomy":"product_brand","embeddable":true,"href":"https:\/\/www.3p-gmbh.de\/es\/wp-json\/wp\/v2\/product_brand?post=92812"},{"taxonomy":"product_cat","embeddable":true,"href":"https:\/\/www.3p-gmbh.de\/es\/wp-json\/wp\/v2\/product_cat?post=92812"},{"taxonomy":"product_tag","embeddable":true,"href":"https:\/\/www.3p-gmbh.de\/es\/wp-json\/wp\/v2\/product_tag?post=92812"}],"curies":[{"name":"wp","href":"https:\/\/api.w.org\/{rel}","templated":true}]}}