{"id":92810,"date":"2019-07-11T13:53:00","date_gmt":"2019-07-11T13:53:00","guid":{"rendered":"https:\/\/www.3p-gmbh.de\/produkt\/alimentador-de-sobres-pgf-compactfeeder\/"},"modified":"2019-07-11T13:53:00","modified_gmt":"2019-07-11T13:53:00","slug":"alimentador-de-sobres-alimentador-de-sobres","status":"publish","type":"product","link":"https:\/\/www.3p-gmbh.de\/es\/produkt\/alimentador-de-sobres-alimentador-de-sobres\/","title":{"rendered":"Alimentador de sobres PGF Compactfeeder"},"content":{"rendered":"<ul>\n<li>Apto para sobres de tama\u00f1o hasta C4 y B4<\/li>\n<li>Puede utilizarse en prensas con alimentadores de hojas sueltas o de chorro<\/li>\n<li>Rotor de aspiraci\u00f3n con \u00e1ngulo de aspiraci\u00f3n definido<\/li>\n<li>Separador de insertos autocompensante<\/li>\n<li>Correcci\u00f3n del accionamiento de la b\u00e1scula<\/li>\n<li>Indrum drive<\/li>\n<li>Ajuste de altura motorizado<\/li>\n<li>Min. Formato: 100 x 110 mm<\/li>\n<li>Max. Formato: 370 x 370 mm<\/li>\n<li>Dimensiones (L x A x A): 110 cm x 39 cm x 130 cm<\/li>\n<li>Peso: 75 kg<\/li>\n<\/ul>\n","protected":false},"excerpt":{"rendered":"<p>Apto para sobres de tama\u00f1o hasta C4 y B4 Puede utilizarse en prensas con alimentadores de hojas sueltas o de chorro Rotor de aspiraci\u00f3n con \u00e1ngulo de aspiraci\u00f3n definido Separador de insertos autocompensante Correcci\u00f3n del accionamiento de la b\u00e1scula Indrum drive Ajuste de altura motorizado Min. Formato: 100 x 110 mm Max. Formato: 370 x [&hellip;]<\/p>\n","protected":false},"featured_media":71428,"template":"","meta":[],"product_brand":[],"product_cat":[3022],"product_tag":[],"class_list":{"0":"post-92810","1":"product","2":"type-product","3":"status-publish","4":"has-post-thumbnail","6":"product_cat-inversores","7":"pa_baujahr-205","8":"pa_hersteller-pgf","9":"pa_typ-compactfeeder","11":"first","12":"instock","13":"sold-individually","14":"taxable","15":"shipping-taxable","16":"purchasable","17":"product-type-simple"},"jetpack_sharing_enabled":true,"_links":{"self":[{"href":"https:\/\/www.3p-gmbh.de\/es\/wp-json\/wp\/v2\/product\/92810","targetHints":{"allow":["GET"]}}],"collection":[{"href":"https:\/\/www.3p-gmbh.de\/es\/wp-json\/wp\/v2\/product"}],"about":[{"href":"https:\/\/www.3p-gmbh.de\/es\/wp-json\/wp\/v2\/types\/product"}],"wp:featuredmedia":[{"embeddable":true,"href":"https:\/\/www.3p-gmbh.de\/es\/wp-json\/wp\/v2\/media\/71428"}],"wp:attachment":[{"href":"https:\/\/www.3p-gmbh.de\/es\/wp-json\/wp\/v2\/media?parent=92810"}],"wp:term":[{"taxonomy":"product_brand","embeddable":true,"href":"https:\/\/www.3p-gmbh.de\/es\/wp-json\/wp\/v2\/product_brand?post=92810"},{"taxonomy":"product_cat","embeddable":true,"href":"https:\/\/www.3p-gmbh.de\/es\/wp-json\/wp\/v2\/product_cat?post=92810"},{"taxonomy":"product_tag","embeddable":true,"href":"https:\/\/www.3p-gmbh.de\/es\/wp-json\/wp\/v2\/product_tag?post=92810"}],"curies":[{"name":"wp","href":"https:\/\/api.w.org\/{rel}","templated":true}]}}