{"id":92809,"date":"2019-07-11T13:53:09","date_gmt":"2019-07-11T13:53:09","guid":{"rendered":"https:\/\/www.3p-gmbh.de\/produkt\/bombas-neumaticas-de-pintura-betz-p-100-f\/"},"modified":"2019-07-11T13:53:09","modified_gmt":"2019-07-11T13:53:09","slug":"bombas-neumaticas-de-pintura","status":"publish","type":"product","link":"https:\/\/www.3p-gmbh.de\/es\/produkt\/bombas-neumaticas-de-pintura\/","title":{"rendered":"Bombas neum\u00e1ticas de pintura Betz P 100-F"},"content":{"rendered":"<ul>\n<li>4 bombas neum\u00e1ticas de pintura para vaciar contenedores intercambiables de 300 kg<\/li>\n<li>con terminal de control<\/li>\n<li>Con la producci\u00f3n de un tubo de tinta, es posible el suministro directo de tintas de impresi\u00f3n de viscosidad media y alta a las rotativas de bobina alimentadas por hojas.<\/li>\n<li>Relaci\u00f3n de transmisi\u00f3n 16:1<\/li>\n<li>Necesidad de aire comprimido 8 bar<\/li>\n<\/ul>\n","protected":false},"excerpt":{"rendered":"<p>4 bombas neum\u00e1ticas de pintura para vaciar contenedores intercambiables de 300 kg con terminal de control Con la producci\u00f3n de un tubo de tinta, es posible el suministro directo de tintas de impresi\u00f3n de viscosidad media y alta a las rotativas de bobina alimentadas por hojas. Relaci\u00f3n de transmisi\u00f3n 16:1 Necesidad de aire comprimido 8 [&hellip;]<\/p>\n","protected":false},"featured_media":64252,"template":"","meta":[],"product_brand":[],"product_cat":[2899],"product_tag":[],"class_list":{"0":"post-92809","1":"product","2":"type-product","3":"status-publish","4":"has-post-thumbnail","6":"product_cat-accesorios-y-piezas-de-recambio-para-prensas","7":"pa_baujahr-194","8":"pa_hersteller-betz","9":"pa_typ-p-100-f","11":"first","12":"instock","13":"sold-individually","14":"taxable","15":"shipping-taxable","16":"purchasable","17":"product-type-simple"},"jetpack_sharing_enabled":true,"_links":{"self":[{"href":"https:\/\/www.3p-gmbh.de\/es\/wp-json\/wp\/v2\/product\/92809","targetHints":{"allow":["GET"]}}],"collection":[{"href":"https:\/\/www.3p-gmbh.de\/es\/wp-json\/wp\/v2\/product"}],"about":[{"href":"https:\/\/www.3p-gmbh.de\/es\/wp-json\/wp\/v2\/types\/product"}],"wp:featuredmedia":[{"embeddable":true,"href":"https:\/\/www.3p-gmbh.de\/es\/wp-json\/wp\/v2\/media\/64252"}],"wp:attachment":[{"href":"https:\/\/www.3p-gmbh.de\/es\/wp-json\/wp\/v2\/media?parent=92809"}],"wp:term":[{"taxonomy":"product_brand","embeddable":true,"href":"https:\/\/www.3p-gmbh.de\/es\/wp-json\/wp\/v2\/product_brand?post=92809"},{"taxonomy":"product_cat","embeddable":true,"href":"https:\/\/www.3p-gmbh.de\/es\/wp-json\/wp\/v2\/product_cat?post=92809"},{"taxonomy":"product_tag","embeddable":true,"href":"https:\/\/www.3p-gmbh.de\/es\/wp-json\/wp\/v2\/product_tag?post=92809"}],"curies":[{"name":"wp","href":"https:\/\/api.w.org\/{rel}","templated":true}]}}