{"id":92792,"date":"2019-07-11T13:53:09","date_gmt":"2019-07-11T13:53:09","guid":{"rendered":"https:\/\/www.3p-gmbh.de\/produkt\/fotodensitometro-en-color-techkon-r-410\/"},"modified":"2019-07-11T13:53:09","modified_gmt":"2019-07-11T13:53:09","slug":"densitometro-de-luz-en-color","status":"publish","type":"product","link":"https:\/\/www.3p-gmbh.de\/es\/produkt\/densitometro-de-luz-en-color\/","title":{"rendered":"Fotodensit\u00f3metro en color Techkon R 410"},"content":{"rendered":"<p>Funciones:<\/p>\n<ul>\n<li>Densidad CMYK<\/li>\n<li>Diferencia de densidad<\/li>\n<li>Cobertura de \u00e1rea (tambi\u00e9n para planchas de impresi\u00f3n)<\/li>\n<li>Aumento del valor tonal<\/li>\n<li>Equilibrio de grises y colores<\/li>\n<li>Contraste de impresi\u00f3n<\/li>\n<\/ul>\n","protected":false},"excerpt":{"rendered":"<p>Funciones: Densidad CMYK Diferencia de densidad Cobertura de \u00e1rea (tambi\u00e9n para planchas de impresi\u00f3n) Aumento del valor tonal Equilibrio de grises y colores Contraste de impresi\u00f3n<\/p>\n","protected":false},"featured_media":64294,"template":"","meta":[],"product_brand":[],"product_cat":[2933],"product_tag":[],"class_list":{"0":"post-92792","1":"product","2":"type-product","3":"status-publish","4":"has-post-thumbnail","6":"product_cat-instrumentos-de-medida-y-control-de-calidad","7":"pa_hersteller-techkon-r-410","9":"first","10":"instock","11":"sold-individually","12":"taxable","13":"shipping-taxable","14":"purchasable","15":"product-type-simple"},"jetpack_sharing_enabled":true,"_links":{"self":[{"href":"https:\/\/www.3p-gmbh.de\/es\/wp-json\/wp\/v2\/product\/92792","targetHints":{"allow":["GET"]}}],"collection":[{"href":"https:\/\/www.3p-gmbh.de\/es\/wp-json\/wp\/v2\/product"}],"about":[{"href":"https:\/\/www.3p-gmbh.de\/es\/wp-json\/wp\/v2\/types\/product"}],"wp:featuredmedia":[{"embeddable":true,"href":"https:\/\/www.3p-gmbh.de\/es\/wp-json\/wp\/v2\/media\/64294"}],"wp:attachment":[{"href":"https:\/\/www.3p-gmbh.de\/es\/wp-json\/wp\/v2\/media?parent=92792"}],"wp:term":[{"taxonomy":"product_brand","embeddable":true,"href":"https:\/\/www.3p-gmbh.de\/es\/wp-json\/wp\/v2\/product_brand?post=92792"},{"taxonomy":"product_cat","embeddable":true,"href":"https:\/\/www.3p-gmbh.de\/es\/wp-json\/wp\/v2\/product_cat?post=92792"},{"taxonomy":"product_tag","embeddable":true,"href":"https:\/\/www.3p-gmbh.de\/es\/wp-json\/wp\/v2\/product_tag?post=92792"}],"curies":[{"name":"wp","href":"https:\/\/api.w.org\/{rel}","templated":true}]}}